{"id":14037,"date":"2024-12-06T11:18:00","date_gmt":"2024-12-06T08:18:00","guid":{"rendered":"https:\/\/www.elkoso.tech\/?page_id=14037"},"modified":"2025-06-11T13:09:32","modified_gmt":"2025-06-11T10:09:32","slug":"elkoso-actuator","status":"publish","type":"page","link":"https:\/\/www.elkoso.tech\/es\/elkoso-actuator\/","title":{"rendered":"Actuador Elkoso"},"content":{"rendered":"<div data-elementor-type=\"wp-page\" data-elementor-id=\"14037\" class=\"elementor elementor-14037\" data-elementor-post-type=\"page\">\n\t\t\t\t<div class=\"elementor-element elementor-element-d05a631 e-flex e-con-boxed e-con e-parent\" data-id=\"d05a631\" data-element_type=\"container\">\r\n\t\t\t\t\t<div class=\"e-con-inner\">\r\n\t\t\t\t<div class=\"elementor-element elementor-element-3e4b142 elementor-widget elementor-widget-shortcode\" data-id=\"3e4b142\" data-element_type=\"widget\" data-widget_type=\"shortcode.default\">\n\t\t\t\t<div class=\"elementor-widget-container\">\n\t\t\t\t\t\t\t<div class=\"elementor-shortcode\"><\/div>\n\t\t\t\t\t\t<\/div>\n\t\t\t\t<\/div>\n\t\t\t\t\t<\/div>\n\t\t\t\t<\/div>\n\t\t<div class=\"elementor-element elementor-element-686b09d e-flex e-con-boxed e-con e-parent\" data-id=\"686b09d\" data-element_type=\"container\">\r\n\t\t\t\t\t<div class=\"e-con-inner\">\r\n\t\t\t\t<div class=\"elementor-element elementor-element-f357f62 elementor-widget elementor-widget-heading\" data-id=\"f357f62\" data-element_type=\"widget\" data-widget_type=\"heading.default\">\n\t\t\t\t<div class=\"elementor-widget-container\">\n\t\t\t\t\t<div class=\"elementor-heading-title elementor-size-default\">Componentes de fabricaci\u00f3n premium<\/div>\t\t\t\t<\/div>\n\t\t\t\t<\/div>\n\t\t\t\t<div class=\"elementor-element elementor-element-165fe90 elementor-widget elementor-widget-heading\" data-id=\"165fe90\" data-element_type=\"widget\" data-widget_type=\"heading.default\">\n\t\t\t\t<div class=\"elementor-widget-container\">\n\t\t\t\t\t<div class=\"elementor-heading-title elementor-size-default\">Actuador Elkoso<\/div>\t\t\t\t<\/div>\n\t\t\t\t<\/div>\n\t\t\t\t<div class=\"elementor-element elementor-element-1fb5290 elementor-absolute e-transform elementor-widget__width-inherit e-transform elementor-hidden-mobile elementor-widget elementor-widget-image\" data-id=\"1fb5290\" data-element_type=\"widget\" data-settings=\"{&quot;_position&quot;:&quot;absolute&quot;,&quot;_transform_rotateZ_effect&quot;:{&quot;unit&quot;:&quot;px&quot;,&quot;size&quot;:-13,&quot;sizes&quot;:[]},&quot;_transform_rotateZ_effect_laptop&quot;:{&quot;unit&quot;:&quot;deg&quot;,&quot;size&quot;:&quot;&quot;,&quot;sizes&quot;:[]},&quot;_transform_rotateZ_effect_tablet_extra&quot;:{&quot;unit&quot;:&quot;deg&quot;,&quot;size&quot;:&quot;&quot;,&quot;sizes&quot;:[]},&quot;_transform_rotateZ_effect_tablet&quot;:{&quot;unit&quot;:&quot;deg&quot;,&quot;size&quot;:&quot;&quot;,&quot;sizes&quot;:[]},&quot;_transform_rotateZ_effect_mobile&quot;:{&quot;unit&quot;:&quot;deg&quot;,&quot;size&quot;:&quot;&quot;,&quot;sizes&quot;:[]},&quot;_transform_scale_effect&quot;:{&quot;unit&quot;:&quot;px&quot;,&quot;size&quot;:&quot;&quot;,&quot;sizes&quot;:[]},&quot;_transform_scale_effect_laptop&quot;:{&quot;unit&quot;:&quot;px&quot;,&quot;size&quot;:&quot;&quot;,&quot;sizes&quot;:[]},&quot;_transform_scale_effect_tablet_extra&quot;:{&quot;unit&quot;:&quot;px&quot;,&quot;size&quot;:&quot;&quot;,&quot;sizes&quot;:[]},&quot;_transform_scale_effect_tablet&quot;:{&quot;unit&quot;:&quot;px&quot;,&quot;size&quot;:&quot;&quot;,&quot;sizes&quot;:[]},&quot;_transform_scale_effect_mobile&quot;:{&quot;unit&quot;:&quot;px&quot;,&quot;size&quot;:&quot;&quot;,&quot;sizes&quot;:[]}}\" data-widget_type=\"image.default\">\n\t\t\t\t<div class=\"elementor-widget-container\">\n\t\t\t\t\t\t\t\t\t\t\t\t\t\t\t<img fetchpriority=\"high\" decoding=\"async\" width=\"289\" height=\"300\" src=\"https:\/\/www.elkoso.tech\/wp-content\/uploads\/2024\/03\/2nd-paragraf-289x300.png\" class=\"attachment-medium size-medium wp-image-1691\" alt=\"ELKOSO background\" \/>\t\t\t\t\t\t\t\t\t\t\t\t\t\t\t<\/div>\n\t\t\t\t<\/div>\n\t\t\t\t<div class=\"elementor-element elementor-element-00a2d41 elementor-widget elementor-widget-text-editor\" data-id=\"00a2d41\" data-element_type=\"widget\" data-widget_type=\"text-editor.default\">\n\t\t\t\t<div class=\"elementor-widget-container\">\n\t\t\t\t\t\t\t\t\tDespu\u00e9s de 4 a\u00f1os de desarrollo dedicado,<\/br> \u00a1El equipo de Elkoso se enorgullece de anunciar el lanzamiento de nuestro nuevo actuador VDO!<\/br>Este es un producto completamente nuevo, no usado ni remanufacturado.<\/br> pero 100% original y listo para satisfacer tus necesidades.\t\t\t\t\t\t\t\t<\/div>\n\t\t\t\t<\/div>\n\t\t\t\t\t<\/div>\n\t\t\t\t<\/div>\n\t\t<div class=\"elementor-element elementor-element-99e22dc e-con-full e-flex e-con e-parent\" data-id=\"99e22dc\" data-element_type=\"container\">\r\n\t\t<div class=\"elementor-element elementor-element-d4ea58d e-con-full e-flex e-con e-child\" data-id=\"d4ea58d\" data-element_type=\"container\" id=\"div-tou-proiontos-tou-pump-shafts\" data-settings=\"{&quot;background_background&quot;:&quot;gradient&quot;}\">\r\n\t\t\t\t<div class=\"elementor-element elementor-element-4b0203c elementor-widget__width-initial elementor-widget elementor-widget-image\" data-id=\"4b0203c\" data-element_type=\"widget\" data-widget_type=\"image.default\">\n\t\t\t\t<div class=\"elementor-widget-container\">\n\t\t\t\t\t\t\t\t\t\t\t\t\t\t\t<img decoding=\"async\" width=\"130\" height=\"150\" src=\"https:\/\/www.elkoso.tech\/wp-content\/uploads\/2024\/07\/xeri_pou_prosferi_autokinito-removebg.png\" class=\"attachment-thumbnail size-thumbnail wp-image-3844\" alt=\"\" \/>\t\t\t\t\t\t\t\t\t\t\t\t\t\t\t<\/div>\n\t\t\t\t<\/div>\n\t\t\t\t<div class=\"elementor-element elementor-element-f9c0ebf e-transform elementor-widget elementor-widget-image\" data-id=\"f9c0ebf\" data-element_type=\"widget\" data-settings=\"{&quot;_transform_translateY_effect&quot;:{&quot;unit&quot;:&quot;px&quot;,&quot;size&quot;:-60,&quot;sizes&quot;:[]},&quot;_transform_translateX_effect_mobile&quot;:{&quot;unit&quot;:&quot;px&quot;,&quot;size&quot;:0,&quot;sizes&quot;:[]},&quot;_transform_translateX_effect&quot;:{&quot;unit&quot;:&quot;px&quot;,&quot;size&quot;:&quot;&quot;,&quot;sizes&quot;:[]},&quot;_transform_translateX_effect_laptop&quot;:{&quot;unit&quot;:&quot;px&quot;,&quot;size&quot;:&quot;&quot;,&quot;sizes&quot;:[]},&quot;_transform_translateX_effect_tablet_extra&quot;:{&quot;unit&quot;:&quot;px&quot;,&quot;size&quot;:&quot;&quot;,&quot;sizes&quot;:[]},&quot;_transform_translateX_effect_tablet&quot;:{&quot;unit&quot;:&quot;px&quot;,&quot;size&quot;:&quot;&quot;,&quot;sizes&quot;:[]},&quot;_transform_translateY_effect_laptop&quot;:{&quot;unit&quot;:&quot;px&quot;,&quot;size&quot;:&quot;&quot;,&quot;sizes&quot;:[]},&quot;_transform_translateY_effect_tablet_extra&quot;:{&quot;unit&quot;:&quot;px&quot;,&quot;size&quot;:&quot;&quot;,&quot;sizes&quot;:[]},&quot;_transform_translateY_effect_tablet&quot;:{&quot;unit&quot;:&quot;px&quot;,&quot;size&quot;:&quot;&quot;,&quot;sizes&quot;:[]},&quot;_transform_translateY_effect_mobile&quot;:{&quot;unit&quot;:&quot;px&quot;,&quot;size&quot;:&quot;&quot;,&quot;sizes&quot;:[]}}\" data-widget_type=\"image.default\">\n\t\t\t\t<div class=\"elementor-widget-container\">\n\t\t\t\t\t\t\t\t\t\t\t\t\t\t\t<img decoding=\"async\" width=\"300\" height=\"300\" src=\"https:\/\/www.elkoso.tech\/wp-content\/uploads\/2024\/12\/Small_Elkoso_actuator-removebg-300x300.png\" class=\"attachment-medium size-medium wp-image-14040\" alt=\"actuator for diesel engine - VDO actuator\" \/>\t\t\t\t\t\t\t\t\t\t\t\t\t\t\t<\/div>\n\t\t\t\t<\/div>\n\t\t\t\t<div class=\"elementor-element elementor-element-dc4caf2 keimeno-tou-proiontos-tou-pump-shafts elementor-widget elementor-widget-text-editor\" data-id=\"dc4caf2\" data-element_type=\"widget\" data-widget_type=\"text-editor.default\">\n\t\t\t\t<div class=\"elementor-widget-container\">\n\t\t\t\t\t\t\t\t\t<p>Tras 4 a\u00f1os de desarrollo dedicado, el equipo de Elkoso se enorgullece de anunciar el lanzamiento de nuestro nuevo actuador VDO. Se trata de un producto completamente nuevo: no usado ni remanufacturado, sino 100 % original y listo para satisfacer sus necesidades.<\/p>\t\t\t\t\t\t\t\t<\/div>\n\t\t\t\t<\/div>\n\t\t\t\t<\/div>\n\t\t<div class=\"elementor-element elementor-element-e49d297 e-con-full e-flex e-con e-child\" data-id=\"e49d297\" data-element_type=\"container\" id=\"div-tou-tab-tou-pump-shafts\">\r\n\t\t\t\t<div class=\"elementor-element elementor-element-3342dde elementor-tabs-view-horizontal elementor-widget elementor-widget-tabs\" data-id=\"3342dde\" data-element_type=\"widget\" data-widget_type=\"tabs.default\">\n\t\t\t\t<div class=\"elementor-widget-container\">\n\t\t\t\t\t\t\t<div class=\"elementor-tabs\">\n\t\t\t<div class=\"elementor-tabs-wrapper\" role=\"tablist\" >\n\t\t\t\t\t\t\t\t\t<div id=\"elementor-tab-title-5371\" class=\"elementor-tab-title elementor-tab-desktop-title\" aria-selected=\"true\" data-tab=\"1\" role=\"tab\" tabindex=\"0\" aria-controls=\"elementor-tab-content-5371\" aria-expanded=\"false\">Informaci\u00f3n t\u00e9cnica <\/div>\n\t\t\t\t\t\t\t\t\t<div id=\"elementor-tab-title-5372\" class=\"elementor-tab-title elementor-tab-desktop-title\" aria-selected=\"false\" data-tab=\"2\" role=\"tab\" tabindex=\"-1\" aria-controls=\"elementor-tab-content-5372\" aria-expanded=\"false\">Informaci\u00f3n adicional<\/div>\n\t\t\t\t\t\t\t<\/div>\n\t\t\t<div class=\"elementor-tabs-content-wrapper\" role=\"tablist\" aria-orientation=\"vertical\">\n\t\t\t\t\t\t\t\t\t<div class=\"elementor-tab-title elementor-tab-mobile-title\" aria-selected=\"true\" data-tab=\"1\" role=\"tab\" tabindex=\"0\" aria-controls=\"elementor-tab-content-5371\" aria-expanded=\"false\">Informaci\u00f3n t\u00e9cnica <\/div>\n\t\t\t\t\t<div id=\"elementor-tab-content-5371\" class=\"elementor-tab-content elementor-clearfix\" data-tab=\"1\" role=\"tabpanel\" aria-labelledby=\"elementor-tab-title-5371\" tabindex=\"0\" hidden=\"false\"><p><span style=\"color: #000000; font-size: 20px;\"><strong>Actuador Elkoso<\/strong><\/span><\/p><p><strong>Especificaciones t\u00e9cnicas<\/strong><\/p><p>El nuevo actuador piezoel\u00e9ctrico de ELKOSO presenta las siguientes caracter\u00edsticas clave:<\/p><ol><li><strong>Alta precisi\u00f3n:<\/strong><ul><li>Capaz de proporcionar movimientos precisos y repetibles.<\/li><\/ul><\/li><li><strong>Respuesta R\u00e1pida<\/strong>:<ul><li>Reacciona r\u00e1pidamente a los cambios en el campo el\u00e9ctrico, lo que permite operaciones de alta velocidad.<\/li><\/ul><\/li><li><strong>Sin interferencias magn\u00e9ticas<\/strong>:<ul><li>Ideal para entornos sensibles a perturbaciones electromagn\u00e9ticas.<\/li><\/ul><\/li><li><strong>Compatibilidad dimensional<\/strong>:<ul><li>Tama\u00f1o exacto y ajuste con el equipo original.<\/li><\/ul><\/li><li><strong>Est\u00e1ndares de materiales:<\/strong><ul><li>Utilizando cer\u00e1micas piezoel\u00e9ctricas de alta calidad o materiales equivalentes a la pieza OEM.<\/li><\/ul><\/li><li><strong>Caracter\u00edsticas el\u00e9ctricas<\/strong>:<ul><li>Cumplimiento de los requisitos originales de voltaje y frecuencia.<\/li><\/ul><\/li><\/ol><p>01.04.XX.14.0001 &#8211; 01.04.XX.14.0002 <br \/>01.04.XX.14.0003 &#8211; 01.04.XX.14.0004 <br \/>01.04.XX.14.0005 &#8211; 01.04.XX.14.0006<br \/>01.04.XX.14.0007 &#8211; 01.04.XX.14.0008<\/p><p>ELKOSO ha desarrollado un actuador piezoel\u00e9ctrico que cumple con todos los est\u00e1ndares de los fabricantes de equipos originales (OEM), proporcionando un reemplazo confiable para las piezas da\u00f1adas.<br \/>Dise\u00f1ados con ingenier\u00eda de precisi\u00f3n, estos actuadores igualan el rendimiento, la durabilidad y las dimensiones de los componentes OEM, garantizando una integraci\u00f3n perfecta y una funcionalidad \u00f3ptima. Su construcci\u00f3n de alta calidad los convierte en una soluci\u00f3n confiable para restaurar los sistemas a su rendimiento original.<\/p><p><img loading=\"lazy\" decoding=\"async\" class=\"alignright move-up\" src=\"https:\/\/www.elkoso.tech\/wp-content\/uploads\/2024\/07\/tria-autokimita-panoramiki-skitso.png\" alt=\"Tria autokinita skitso\" width=\"100\" height=\"100\" \/><\/p><\/div>\n\t\t\t\t\t\t\t\t\t<div class=\"elementor-tab-title elementor-tab-mobile-title\" aria-selected=\"false\" data-tab=\"2\" role=\"tab\" tabindex=\"-1\" aria-controls=\"elementor-tab-content-5372\" aria-expanded=\"false\">Informaci\u00f3n adicional<\/div>\n\t\t\t\t\t<div id=\"elementor-tab-content-5372\" class=\"elementor-tab-content elementor-clearfix\" data-tab=\"2\" role=\"tabpanel\" aria-labelledby=\"elementor-tab-title-5372\" tabindex=\"0\" hidden=\"hidden\"><p data-wp-editing=\"1\"><a href=\"https:\/\/www.elkoso.tech\/wp-content\/uploads\/2025\/04\/ELKOSO-VDO-Injectors-SP-Catalogue-2025_new-Desktop.pdf\" target=\"_blank\" rel=\"noopener\"><img loading=\"lazy\" decoding=\"async\" class=\"alignnone wp-image-7726\" src=\"https:\/\/www.elkoso.tech\/wp-content\/uploads\/2024\/07\/\u0395\u03b9\u03ba\u03bf\u03bd\u03af\u03b4\u03b9\u03bf_PDF-removebg.png\" alt=\"\" width=\"62\" height=\"62\" \/><\/a><a href=\"https:\/\/www.elkoso.tech\/wp-content\/uploads\/2025\/04\/ELKOSO-VDO-Injectors-SP-Catalogue-2025_new-Desktop.pdf\" target=\"_blank\" rel=\"noopener\">VDO SP Catalogue<\/a><\/p><\/div>\n\t\t\t\t\t\t\t<\/div>\n\t\t<\/div>\n\t\t\t\t\t\t<\/div>\n\t\t\t\t<\/div>\n\t\t\t\t<\/div>\n\t\t\t\t<\/div>\n\t\t<div class=\"elementor-element elementor-element-4e85500 e-flex e-con-boxed e-con e-parent\" data-id=\"4e85500\" data-element_type=\"container\">\r\n\t\t\t\t\t<div class=\"e-con-inner\">\r\n\t\t\t\t<div class=\"elementor-element elementor-element-3c15ed8 elementor-widget elementor-widget-spacer\" data-id=\"3c15ed8\" data-element_type=\"widget\" data-widget_type=\"spacer.default\">\n\t\t\t\t<div class=\"elementor-widget-container\">\n\t\t\t\t\t\t\t<div class=\"elementor-spacer\">\n\t\t\t<div class=\"elementor-spacer-inner\"><\/div>\n\t\t<\/div>\n\t\t\t\t\t\t<\/div>\n\t\t\t\t<\/div>\n\t\t\t\t\t<\/div>\n\t\t\t\t<\/div>\n\t\t\t\t<\/div>","protected":false},"excerpt":{"rendered":"<p>Premium Manufacturing Components Elkoso Actuator After 4 years of dedicated development, the Elkoso team is proud to announce the release of our brand-new VDO actuator!This is a completely new product\u2014not used, not remanufactured, but 100% original and ready to meet\u00a0your\u00a0needs. After 4 years of dedicated development, the Elkoso team is proud to announce the release [&hellip;]<\/p>\n","protected":false},"author":1,"featured_media":0,"parent":0,"menu_order":0,"comment_status":"closed","ping_status":"closed","template":"elementor_header_footer","meta":{"footnotes":""},"class_list":["post-14037","page","type-page","status-publish","hentry"],"yoast_head":"<!-- This site is optimized with the Yoast SEO plugin v27.0 - https:\/\/yoast.com\/product\/yoast-seo-wordpress\/ -->\n<title>Elkoso Actuator - ELKOSO<\/title>\n<meta name=\"robots\" content=\"index, follow, max-snippet:-1, max-image-preview:large, max-video-preview:-1\" \/>\n<link rel=\"canonical\" href=\"https:\/\/www.elkoso.tech\/es\/elkoso-actuator\/\" \/>\n<meta property=\"og:locale\" content=\"es_ES\" \/>\n<meta property=\"og:type\" content=\"article\" \/>\n<meta property=\"og:title\" content=\"Elkoso Actuator - ELKOSO\" \/>\n<meta property=\"og:description\" content=\"Premium Manufacturing Components Elkoso Actuator After 4 years of dedicated development, the Elkoso team is proud to announce the release of our brand-new VDO actuator!This is a completely new product\u2014not used, not remanufactured, but 100% original and ready to meet\u00a0your\u00a0needs. After 4 years of dedicated development, the Elkoso team is proud to announce the release [&hellip;]\" \/>\n<meta property=\"og:url\" content=\"https:\/\/www.elkoso.tech\/es\/elkoso-actuator\/\" \/>\n<meta property=\"og:site_name\" content=\"ELKOSO\" \/>\n<meta property=\"article:publisher\" content=\"https:\/\/www.facebook.com\/elkosoparts\/\" \/>\n<meta property=\"article:modified_time\" content=\"2025-06-11T10:09:32+00:00\" \/>\n<meta property=\"og:image\" content=\"https:\/\/www.elkoso.tech\/wp-content\/uploads\/2024\/03\/2nd-paragraf.png\" \/>\n\t<meta property=\"og:image:width\" content=\"936\" \/>\n\t<meta property=\"og:image:height\" content=\"973\" \/>\n\t<meta property=\"og:image:type\" content=\"image\/png\" \/>\n<meta name=\"twitter:card\" content=\"summary_large_image\" \/>\n<meta name=\"twitter:label1\" content=\"Tiempo de lectura\" \/>\n\t<meta name=\"twitter:data1\" content=\"3 minutos\" \/>\n<script type=\"application\/ld+json\" class=\"yoast-schema-graph\">{\"@context\":\"https:\/\/schema.org\",\"@graph\":[{\"@type\":\"WebPage\",\"@id\":\"https:\/\/www.elkoso.tech\/elkoso-actuator\/\",\"url\":\"https:\/\/www.elkoso.tech\/elkoso-actuator\/\",\"name\":\"Elkoso Actuator - ELKOSO\",\"isPartOf\":{\"@id\":\"https:\/\/www.elkoso.tech\/#website\"},\"primaryImageOfPage\":{\"@id\":\"https:\/\/www.elkoso.tech\/elkoso-actuator\/#primaryimage\"},\"image\":{\"@id\":\"https:\/\/www.elkoso.tech\/elkoso-actuator\/#primaryimage\"},\"thumbnailUrl\":\"https:\/\/www.elkoso.tech\/wp-content\/uploads\/2024\/03\/2nd-paragraf-289x300.png\",\"datePublished\":\"2024-12-06T08:18:00+00:00\",\"dateModified\":\"2025-06-11T10:09:32+00:00\",\"breadcrumb\":{\"@id\":\"https:\/\/www.elkoso.tech\/elkoso-actuator\/#breadcrumb\"},\"inLanguage\":\"es\",\"potentialAction\":[{\"@type\":\"ReadAction\",\"target\":[\"https:\/\/www.elkoso.tech\/elkoso-actuator\/\"]}]},{\"@type\":\"ImageObject\",\"inLanguage\":\"es\",\"@id\":\"https:\/\/www.elkoso.tech\/elkoso-actuator\/#primaryimage\",\"url\":\"https:\/\/www.elkoso.tech\/wp-content\/uploads\/2024\/03\/2nd-paragraf-289x300.png\",\"contentUrl\":\"https:\/\/www.elkoso.tech\/wp-content\/uploads\/2024\/03\/2nd-paragraf-289x300.png\"},{\"@type\":\"BreadcrumbList\",\"@id\":\"https:\/\/www.elkoso.tech\/elkoso-actuator\/#breadcrumb\",\"itemListElement\":[{\"@type\":\"ListItem\",\"position\":1,\"name\":\"\u0391\u03c1\u03c7\u03b9\u03ba\u03ae\",\"item\":\"https:\/\/www.elkoso.tech\/\"},{\"@type\":\"ListItem\",\"position\":2,\"name\":\"Elkoso Actuator\"}]},{\"@type\":\"WebSite\",\"@id\":\"https:\/\/www.elkoso.tech\/#website\",\"url\":\"https:\/\/www.elkoso.tech\/\",\"name\":\"ELKOSO\",\"description\":\"At Elkoso, skilled team ensures every spare part exceeds industry standards...\",\"publisher\":{\"@id\":\"https:\/\/www.elkoso.tech\/#organization\"},\"alternateName\":\"ELKOSO\",\"potentialAction\":[{\"@type\":\"SearchAction\",\"target\":{\"@type\":\"EntryPoint\",\"urlTemplate\":\"https:\/\/www.elkoso.tech\/?s={search_term_string}\"},\"query-input\":{\"@type\":\"PropertyValueSpecification\",\"valueRequired\":true,\"valueName\":\"search_term_string\"}}],\"inLanguage\":\"es\"},{\"@type\":\"Organization\",\"@id\":\"https:\/\/www.elkoso.tech\/#organization\",\"name\":\"ELKOSO\",\"alternateName\":\"ELKOSO\",\"url\":\"https:\/\/www.elkoso.tech\/\",\"logo\":{\"@type\":\"ImageObject\",\"inLanguage\":\"es\",\"@id\":\"https:\/\/www.elkoso.tech\/#\/schema\/logo\/image\/\",\"url\":\"https:\/\/www.elkoso.tech\/wp-content\/uploads\/2024\/06\/Logo-Elkoso-1688x1688-1.png\",\"contentUrl\":\"https:\/\/www.elkoso.tech\/wp-content\/uploads\/2024\/06\/Logo-Elkoso-1688x1688-1.png\",\"width\":1688,\"height\":1688,\"caption\":\"ELKOSO\"},\"image\":{\"@id\":\"https:\/\/www.elkoso.tech\/#\/schema\/logo\/image\/\"},\"sameAs\":[\"https:\/\/www.facebook.com\/elkosoparts\/\"]}]}<\/script>\n<!-- \/ Yoast SEO plugin. -->","yoast_head_json":{"title":"Elkoso Actuator - ELKOSO","robots":{"index":"index","follow":"follow","max-snippet":"max-snippet:-1","max-image-preview":"max-image-preview:large","max-video-preview":"max-video-preview:-1"},"canonical":"https:\/\/www.elkoso.tech\/es\/elkoso-actuator\/","og_locale":"es_ES","og_type":"article","og_title":"Elkoso Actuator - ELKOSO","og_description":"Premium Manufacturing Components Elkoso Actuator After 4 years of dedicated development, the Elkoso team is proud to announce the release of our brand-new VDO actuator!This is a completely new product\u2014not used, not remanufactured, but 100% original and ready to meet\u00a0your\u00a0needs. After 4 years of dedicated development, the Elkoso team is proud to announce the release [&hellip;]","og_url":"https:\/\/www.elkoso.tech\/es\/elkoso-actuator\/","og_site_name":"ELKOSO","article_publisher":"https:\/\/www.facebook.com\/elkosoparts\/","article_modified_time":"2025-06-11T10:09:32+00:00","og_image":[{"url":"https:\/\/www.elkoso.tech\/wp-content\/uploads\/2024\/03\/2nd-paragraf.png","width":936,"height":973,"type":"image\/png"}],"twitter_card":"summary_large_image","twitter_misc":{"Tiempo de lectura":"3 minutos"},"schema":{"@context":"https:\/\/schema.org","@graph":[{"@type":"WebPage","@id":"https:\/\/www.elkoso.tech\/elkoso-actuator\/","url":"https:\/\/www.elkoso.tech\/elkoso-actuator\/","name":"Elkoso Actuator - ELKOSO","isPartOf":{"@id":"https:\/\/www.elkoso.tech\/#website"},"primaryImageOfPage":{"@id":"https:\/\/www.elkoso.tech\/elkoso-actuator\/#primaryimage"},"image":{"@id":"https:\/\/www.elkoso.tech\/elkoso-actuator\/#primaryimage"},"thumbnailUrl":"https:\/\/www.elkoso.tech\/wp-content\/uploads\/2024\/03\/2nd-paragraf-289x300.png","datePublished":"2024-12-06T08:18:00+00:00","dateModified":"2025-06-11T10:09:32+00:00","breadcrumb":{"@id":"https:\/\/www.elkoso.tech\/elkoso-actuator\/#breadcrumb"},"inLanguage":"es","potentialAction":[{"@type":"ReadAction","target":["https:\/\/www.elkoso.tech\/elkoso-actuator\/"]}]},{"@type":"ImageObject","inLanguage":"es","@id":"https:\/\/www.elkoso.tech\/elkoso-actuator\/#primaryimage","url":"https:\/\/www.elkoso.tech\/wp-content\/uploads\/2024\/03\/2nd-paragraf-289x300.png","contentUrl":"https:\/\/www.elkoso.tech\/wp-content\/uploads\/2024\/03\/2nd-paragraf-289x300.png"},{"@type":"BreadcrumbList","@id":"https:\/\/www.elkoso.tech\/elkoso-actuator\/#breadcrumb","itemListElement":[{"@type":"ListItem","position":1,"name":"\u0391\u03c1\u03c7\u03b9\u03ba\u03ae","item":"https:\/\/www.elkoso.tech\/"},{"@type":"ListItem","position":2,"name":"Elkoso Actuator"}]},{"@type":"WebSite","@id":"https:\/\/www.elkoso.tech\/#website","url":"https:\/\/www.elkoso.tech\/","name":"ELKOSO","description":"At Elkoso, skilled team ensures every spare part exceeds industry standards...","publisher":{"@id":"https:\/\/www.elkoso.tech\/#organization"},"alternateName":"ELKOSO","potentialAction":[{"@type":"SearchAction","target":{"@type":"EntryPoint","urlTemplate":"https:\/\/www.elkoso.tech\/?s={search_term_string}"},"query-input":{"@type":"PropertyValueSpecification","valueRequired":true,"valueName":"search_term_string"}}],"inLanguage":"es"},{"@type":"Organization","@id":"https:\/\/www.elkoso.tech\/#organization","name":"ELKOSO","alternateName":"ELKOSO","url":"https:\/\/www.elkoso.tech\/","logo":{"@type":"ImageObject","inLanguage":"es","@id":"https:\/\/www.elkoso.tech\/#\/schema\/logo\/image\/","url":"https:\/\/www.elkoso.tech\/wp-content\/uploads\/2024\/06\/Logo-Elkoso-1688x1688-1.png","contentUrl":"https:\/\/www.elkoso.tech\/wp-content\/uploads\/2024\/06\/Logo-Elkoso-1688x1688-1.png","width":1688,"height":1688,"caption":"ELKOSO"},"image":{"@id":"https:\/\/www.elkoso.tech\/#\/schema\/logo\/image\/"},"sameAs":["https:\/\/www.facebook.com\/elkosoparts\/"]}]}},"_links":{"self":[{"href":"https:\/\/www.elkoso.tech\/es\/wp-json\/wp\/v2\/pages\/14037","targetHints":{"allow":["GET"]}}],"collection":[{"href":"https:\/\/www.elkoso.tech\/es\/wp-json\/wp\/v2\/pages"}],"about":[{"href":"https:\/\/www.elkoso.tech\/es\/wp-json\/wp\/v2\/types\/page"}],"author":[{"embeddable":true,"href":"https:\/\/www.elkoso.tech\/es\/wp-json\/wp\/v2\/users\/1"}],"replies":[{"embeddable":true,"href":"https:\/\/www.elkoso.tech\/es\/wp-json\/wp\/v2\/comments?post=14037"}],"version-history":[{"count":89,"href":"https:\/\/www.elkoso.tech\/es\/wp-json\/wp\/v2\/pages\/14037\/revisions"}],"predecessor-version":[{"id":21184,"href":"https:\/\/www.elkoso.tech\/es\/wp-json\/wp\/v2\/pages\/14037\/revisions\/21184"}],"wp:attachment":[{"href":"https:\/\/www.elkoso.tech\/es\/wp-json\/wp\/v2\/media?parent=14037"}],"curies":[{"name":"wp","href":"https:\/\/api.w.org\/{rel}","templated":true}]}}