{"id":18374,"date":"2025-05-10T21:54:19","date_gmt":"2025-05-10T18:54:19","guid":{"rendered":"https:\/\/www.elkoso.tech\/?page_id=18374"},"modified":"2025-05-10T21:57:20","modified_gmt":"2025-05-10T18:57:20","slug":"injector-nozzles-2","status":"publish","type":"page","link":"https:\/\/www.elkoso.tech\/es\/injector-nozzles-2\/","title":{"rendered":"Piezas del inyector"},"content":{"rendered":"<div data-elementor-type=\"wp-page\" data-elementor-id=\"18374\" class=\"elementor elementor-18374\" data-elementor-post-type=\"page\">\n\t\t\t\t<div class=\"elementor-element elementor-element-d05a631 e-flex e-con-boxed e-con e-parent\" data-id=\"d05a631\" data-element_type=\"container\">\r\n\t\t\t\t\t<div class=\"e-con-inner\">\r\n\t\t\t\t<div class=\"elementor-element elementor-element-3e4b142 elementor-widget elementor-widget-shortcode\" data-id=\"3e4b142\" data-element_type=\"widget\" data-widget_type=\"shortcode.default\">\n\t\t\t\t<div class=\"elementor-widget-container\">\n\t\t\t\t\t\t\t<div class=\"elementor-shortcode\"><\/div>\n\t\t\t\t\t\t<\/div>\n\t\t\t\t<\/div>\n\t\t\t\t\t<\/div>\n\t\t\t\t<\/div>\n\t\t<div class=\"elementor-element elementor-element-686b09d e-flex e-con-boxed e-con e-parent\" data-id=\"686b09d\" data-element_type=\"container\">\r\n\t\t\t\t\t<div class=\"e-con-inner\">\r\n\t\t\t\t<div class=\"elementor-element elementor-element-f357f62 elementor-widget elementor-widget-heading\" data-id=\"f357f62\" data-element_type=\"widget\" data-widget_type=\"heading.default\">\n\t\t\t\t<div class=\"elementor-widget-container\">\n\t\t\t\t\t<div class=\"elementor-heading-title elementor-size-default\">Componentes de fabricaci\u00f3n premium<\/div>\t\t\t\t<\/div>\n\t\t\t\t<\/div>\n\t\t\t\t<div class=\"elementor-element elementor-element-165fe90 elementor-widget elementor-widget-heading\" data-id=\"165fe90\" data-element_type=\"widget\" data-widget_type=\"heading.default\">\n\t\t\t\t<div class=\"elementor-widget-container\">\n\t\t\t\t\t<div class=\"elementor-heading-title elementor-size-default\">Piezas del inyector<\/div>\t\t\t\t<\/div>\n\t\t\t\t<\/div>\n\t\t\t\t<div class=\"elementor-element elementor-element-1fb5290 elementor-absolute e-transform elementor-widget__width-inherit e-transform elementor-hidden-mobile elementor-widget elementor-widget-image\" data-id=\"1fb5290\" data-element_type=\"widget\" data-settings=\"{&quot;_position&quot;:&quot;absolute&quot;,&quot;_transform_rotateZ_effect&quot;:{&quot;unit&quot;:&quot;px&quot;,&quot;size&quot;:-13,&quot;sizes&quot;:[]},&quot;_transform_rotateZ_effect_laptop&quot;:{&quot;unit&quot;:&quot;deg&quot;,&quot;size&quot;:&quot;&quot;,&quot;sizes&quot;:[]},&quot;_transform_rotateZ_effect_tablet_extra&quot;:{&quot;unit&quot;:&quot;deg&quot;,&quot;size&quot;:&quot;&quot;,&quot;sizes&quot;:[]},&quot;_transform_rotateZ_effect_tablet&quot;:{&quot;unit&quot;:&quot;deg&quot;,&quot;size&quot;:&quot;&quot;,&quot;sizes&quot;:[]},&quot;_transform_rotateZ_effect_mobile&quot;:{&quot;unit&quot;:&quot;deg&quot;,&quot;size&quot;:&quot;&quot;,&quot;sizes&quot;:[]},&quot;_transform_scale_effect&quot;:{&quot;unit&quot;:&quot;px&quot;,&quot;size&quot;:&quot;&quot;,&quot;sizes&quot;:[]},&quot;_transform_scale_effect_laptop&quot;:{&quot;unit&quot;:&quot;px&quot;,&quot;size&quot;:&quot;&quot;,&quot;sizes&quot;:[]},&quot;_transform_scale_effect_tablet_extra&quot;:{&quot;unit&quot;:&quot;px&quot;,&quot;size&quot;:&quot;&quot;,&quot;sizes&quot;:[]},&quot;_transform_scale_effect_tablet&quot;:{&quot;unit&quot;:&quot;px&quot;,&quot;size&quot;:&quot;&quot;,&quot;sizes&quot;:[]},&quot;_transform_scale_effect_mobile&quot;:{&quot;unit&quot;:&quot;px&quot;,&quot;size&quot;:&quot;&quot;,&quot;sizes&quot;:[]}}\" data-widget_type=\"image.default\">\n\t\t\t\t<div class=\"elementor-widget-container\">\n\t\t\t\t\t\t\t\t\t\t\t\t\t\t\t<img fetchpriority=\"high\" decoding=\"async\" width=\"289\" height=\"300\" src=\"https:\/\/www.elkoso.tech\/wp-content\/uploads\/2024\/03\/2nd-paragraf-289x300.png\" class=\"attachment-medium size-medium wp-image-1691\" alt=\"ELKOSO background\" \/>\t\t\t\t\t\t\t\t\t\t\t\t\t\t\t<\/div>\n\t\t\t\t<\/div>\n\t\t\t\t<div class=\"elementor-element elementor-element-00a2d41 elementor-widget elementor-widget-text-editor\" data-id=\"00a2d41\" data-element_type=\"widget\" data-widget_type=\"text-editor.default\">\n\t\t\t\t<div class=\"elementor-widget-container\">\n\t\t\t\t\t\t\t\t\t<p>En Elkoso, la fabricaci\u00f3n de precisi\u00f3n es el n\u00facleo de nuestro compromiso con la excelencia, <br \/>Y esto es particularmente evidente en nuestra producci\u00f3n de boquillas y tuercas para inyectores common rail. <br \/>Con una amplia trayectoria en la industria, hemos perfeccionado nuestra experiencia para ofrecer componentes que ejemplifican precisi\u00f3n y confiabilidad.<br \/>Nuestras instalaciones de fabricaci\u00f3n de \u00faltima generaci\u00f3n emplean tecnolog\u00eda de vanguardia y un meticuloso control de calidad.<br \/>measures to ensure that each nozzle and nut meets the exacting specifications required for common rail systems. <br \/>La ingenier\u00eda de precisi\u00f3n realizada por nuestro equipo calificado garantiza la integraci\u00f3n perfecta de estos componentes, <br \/>Contribuyendo a la eficiencia general y al rendimiento de los inyectores common rail. <br \/>La dedicaci\u00f3n de Elkoso a la fabricaci\u00f3n de precisi\u00f3n no es solo un compromiso; es un testimonio de nuestra b\u00fasqueda inquebrantable de brindar a los clientes<br \/>con productos superiores que definen la vanguardia de la innovaci\u00f3n en el panorama de la tecnolog\u00eda de motores di\u00e9sel.<\/p>\t\t\t\t\t\t\t\t<\/div>\n\t\t\t\t<\/div>\n\t\t\t\t\t<\/div>\n\t\t\t\t<\/div>\n\t\t<div class=\"elementor-element elementor-element-99e22dc e-con-full e-flex e-con e-parent\" data-id=\"99e22dc\" data-element_type=\"container\">\r\n\t\t<div class=\"elementor-element elementor-element-d4ea58d e-con-full e-flex e-con e-child\" data-id=\"d4ea58d\" data-element_type=\"container\" id=\"div-tou-proiontos-tou-pump-shafts\" data-settings=\"{&quot;background_background&quot;:&quot;gradient&quot;}\">\r\n\t\t\t\t<div class=\"elementor-element elementor-element-4b0203c elementor-widget__width-initial elementor-widget elementor-widget-image\" data-id=\"4b0203c\" data-element_type=\"widget\" data-widget_type=\"image.default\">\n\t\t\t\t<div class=\"elementor-widget-container\">\n\t\t\t\t\t\t\t\t\t\t\t\t\t\t\t<img decoding=\"async\" width=\"130\" height=\"150\" src=\"https:\/\/www.elkoso.tech\/wp-content\/uploads\/2024\/07\/xeri_pou_prosferi_autokinito-removebg.png\" class=\"attachment-thumbnail size-thumbnail wp-image-3844\" alt=\"\" \/>\t\t\t\t\t\t\t\t\t\t\t\t\t\t\t<\/div>\n\t\t\t\t<\/div>\n\t\t\t\t<div class=\"elementor-element elementor-element-f9c0ebf e-transform elementor-widget elementor-widget-image\" data-id=\"f9c0ebf\" data-element_type=\"widget\" data-settings=\"{&quot;_transform_translateY_effect&quot;:{&quot;unit&quot;:&quot;px&quot;,&quot;size&quot;:-60,&quot;sizes&quot;:[]},&quot;_transform_translateX_effect_mobile&quot;:{&quot;unit&quot;:&quot;px&quot;,&quot;size&quot;:0,&quot;sizes&quot;:[]},&quot;_transform_translateX_effect&quot;:{&quot;unit&quot;:&quot;px&quot;,&quot;size&quot;:&quot;&quot;,&quot;sizes&quot;:[]},&quot;_transform_translateX_effect_laptop&quot;:{&quot;unit&quot;:&quot;px&quot;,&quot;size&quot;:&quot;&quot;,&quot;sizes&quot;:[]},&quot;_transform_translateX_effect_tablet_extra&quot;:{&quot;unit&quot;:&quot;px&quot;,&quot;size&quot;:&quot;&quot;,&quot;sizes&quot;:[]},&quot;_transform_translateX_effect_tablet&quot;:{&quot;unit&quot;:&quot;px&quot;,&quot;size&quot;:&quot;&quot;,&quot;sizes&quot;:[]},&quot;_transform_translateY_effect_laptop&quot;:{&quot;unit&quot;:&quot;px&quot;,&quot;size&quot;:&quot;&quot;,&quot;sizes&quot;:[]},&quot;_transform_translateY_effect_tablet_extra&quot;:{&quot;unit&quot;:&quot;px&quot;,&quot;size&quot;:&quot;&quot;,&quot;sizes&quot;:[]},&quot;_transform_translateY_effect_tablet&quot;:{&quot;unit&quot;:&quot;px&quot;,&quot;size&quot;:&quot;&quot;,&quot;sizes&quot;:[]},&quot;_transform_translateY_effect_mobile&quot;:{&quot;unit&quot;:&quot;px&quot;,&quot;size&quot;:&quot;&quot;,&quot;sizes&quot;:[]}}\" data-widget_type=\"image.default\">\n\t\t\t\t<div class=\"elementor-widget-container\">\n\t\t\t\t\t\t\t\t\t\t\t\t\t\t\t<img decoding=\"async\" width=\"300\" height=\"300\" src=\"https:\/\/www.elkoso.tech\/wp-content\/uploads\/2024\/03\/small_injector-spare-parts-300x300.png\" class=\"attachment-medium size-medium wp-image-1617\" alt=\"ELKOSO small_injector spare parts\" \/>\t\t\t\t\t\t\t\t\t\t\t\t\t\t\t<\/div>\n\t\t\t\t<\/div>\n\t\t\t\t<div class=\"elementor-element elementor-element-dc4caf2 keimeno-tou-proiontos-tou-pump-shafts elementor-widget elementor-widget-text-editor\" data-id=\"dc4caf2\" data-element_type=\"widget\" data-widget_type=\"text-editor.default\">\n\t\t\t\t<div class=\"elementor-widget-container\">\n\t\t\t\t\t\t\t\t\t<p>En Elkoso, la fabricaci\u00f3n de precisi\u00f3n es el n\u00facleo de nuestro compromiso con la excelencia, y esto es particularmente evidente en nuestra producci\u00f3n de boquillas y tuercas para inyectores common rail.<\/p>\t\t\t\t\t\t\t\t<\/div>\n\t\t\t\t<\/div>\n\t\t\t\t<\/div>\n\t\t<div class=\"elementor-element elementor-element-e49d297 e-con-full e-flex e-con e-child\" data-id=\"e49d297\" data-element_type=\"container\" id=\"div-tou-tab-tou-pump-shafts\">\r\n\t\t\t\t<div class=\"elementor-element elementor-element-3342dde elementor-tabs-view-horizontal elementor-widget elementor-widget-tabs\" data-id=\"3342dde\" data-element_type=\"widget\" data-widget_type=\"tabs.default\">\n\t\t\t\t<div class=\"elementor-widget-container\">\n\t\t\t\t\t\t\t<div class=\"elementor-tabs\">\n\t\t\t<div class=\"elementor-tabs-wrapper\" role=\"tablist\" >\n\t\t\t\t\t\t\t\t\t<div id=\"elementor-tab-title-5371\" class=\"elementor-tab-title elementor-tab-desktop-title\" aria-selected=\"true\" data-tab=\"1\" role=\"tab\" tabindex=\"0\" aria-controls=\"elementor-tab-content-5371\" aria-expanded=\"false\">Informaci\u00f3n t\u00e9cnica <\/div>\n\t\t\t\t\t\t\t\t\t<div id=\"elementor-tab-title-5372\" class=\"elementor-tab-title elementor-tab-desktop-title\" aria-selected=\"false\" data-tab=\"2\" role=\"tab\" tabindex=\"-1\" aria-controls=\"elementor-tab-content-5372\" aria-expanded=\"false\">Informaci\u00f3n adicional<\/div>\n\t\t\t\t\t\t\t<\/div>\n\t\t\t<div class=\"elementor-tabs-content-wrapper\" role=\"tablist\" aria-orientation=\"vertical\">\n\t\t\t\t\t\t\t\t\t<div class=\"elementor-tab-title elementor-tab-mobile-title\" aria-selected=\"true\" data-tab=\"1\" role=\"tab\" tabindex=\"0\" aria-controls=\"elementor-tab-content-5371\" aria-expanded=\"false\">Informaci\u00f3n t\u00e9cnica <\/div>\n\t\t\t\t\t<div id=\"elementor-tab-content-5371\" class=\"elementor-tab-content elementor-clearfix\" data-tab=\"1\" role=\"tabpanel\" aria-labelledby=\"elementor-tab-title-5371\" tabindex=\"0\" hidden=\"false\"><p><span style=\"position: relative; top: 10px; font-size: 19px; color: #000000;\"><strong>Piezas del inyector<\/strong><\/span><\/p><p><strong>Especificaciones t\u00e9cnicas<\/strong><\/p><ol><li><strong>Dimensiones y tolerancias:<\/strong><ul><li><strong>Di\u00e1metro del orificio: <\/strong>Por lo general, var\u00eda entre 100 y 200 micr\u00f3metros, con tolerancias en el rango de unos pocos micr\u00f3metros.<\/li><li><strong>Geometr\u00eda de la boquilla: <\/strong>La geometr\u00eda, incluido el n\u00famero y la forma de los orificios, est\u00e1 dise\u00f1ada para optimizar los patrones de pulverizaci\u00f3n y la atomizaci\u00f3n del combustible.<\/li><\/ul><\/li><li><strong>Requisitos de desempe\u00f1o:<\/strong><ul><li><strong>Manejo de presi\u00f3n: <\/strong>Las boquillas deben soportar presiones de inyecci\u00f3n de hasta 2.500 bar (36.000 psi) o superiores.<\/li><li><strong>Wear Resistance: <\/strong>Los materiales y recubrimientos deben resistir el desgaste causado por el flujo de combustible a alta presi\u00f3n y los contaminantes.<\/li><li><strong>Precision Atomization: <\/strong>The nozzle must provide precise fuel atomization to ensure efficient combustion and meet emission standards.<\/li><\/ul><\/li><\/ol><p><strong>Control de calidad y pruebas<\/strong><\/p><ol><li><strong>Ensayos no destructivos (END):<\/strong><ul><li><strong>Inspecci\u00f3n por rayos X: <\/strong>Used to detect internal flaws or inconsistencies in the material.<\/li><li><strong>Optical Inspection: <\/strong>High-resolution cameras and microscopes are used to inspect the surface quality and geometry of the nozzle orifices.<\/li><\/ul><\/li><li><strong>Inspecci\u00f3n dimensional:<\/strong><ul><li>Coordinate Measuring Machines (CMM): Used for precise measurement of nozzle dimensions and geometries.<\/li><li><strong>Prueba de rugosidad superficial: <\/strong>Garantiza que el acabado de la superficie cumpla con especificaciones estrictas para evitar problemas de flujo de combustible.<\/li><\/ul><\/li><li><strong>Pruebas de rendimiento:<\/strong><ul><li><strong>An\u00e1lisis del patr\u00f3n de pulverizaci\u00f3n: <\/strong>Asegura que la boquilla produzca el patr\u00f3n de pulverizaci\u00f3n correcto para una mezcla \u00f3ptima de combustible y aire.<\/li><li><strong>Prueba de caudal: <\/strong>Verifica que la boquilla permita que fluya la cantidad correcta de combustible en las condiciones espec\u00edficas.<\/li><li><strong>Prueba de durabilidad: <\/strong>Incluye pruebas de carga c\u00edclica para simular el funcionamiento a largo plazo y garantizar que la boquilla pueda soportar un uso prolongado.<\/li><\/ul><\/li><\/ol><p>Al utilizar materiales de alta calidad, procesos de fabricaci\u00f3n avanzados y un riguroso control de calidad, ELKOSO garantiza que sus boquillas de inyectores common rail cumplan con los exigentes requisitos de los motores di\u00e9sel modernos, proporcionando una inyecci\u00f3n de combustible confiable y eficiente para optimizar el rendimiento y minimizar las emisiones.<\/p><p><img loading=\"lazy\" decoding=\"async\" class=\"alignright move-up\" src=\"https:\/\/www.elkoso.tech\/wp-content\/uploads\/2024\/07\/tria-autokimita-panoramiki-skitso.png\" alt=\"Tria autokinita skitso\" width=\"100\" height=\"100\" \/><\/p><\/div>\n\t\t\t\t\t\t\t\t\t<div class=\"elementor-tab-title elementor-tab-mobile-title\" aria-selected=\"false\" data-tab=\"2\" role=\"tab\" tabindex=\"-1\" aria-controls=\"elementor-tab-content-5372\" aria-expanded=\"false\">Informaci\u00f3n adicional<\/div>\n\t\t\t\t\t<div id=\"elementor-tab-content-5372\" class=\"elementor-tab-content elementor-clearfix\" data-tab=\"2\" role=\"tabpanel\" aria-labelledby=\"elementor-tab-title-5372\" tabindex=\"0\" hidden=\"hidden\"><p data-wp-editing=\"1\"><a href=\"https:\/\/www.elkoso.tech\/wp-content\/uploads\/2025\/04\/ELKOSO-control-valves-CATALOGUE.pdf\" target=\"_blank\" rel=\"noopener\"><img loading=\"lazy\" decoding=\"async\" class=\"alignnone wp-image-7726\" src=\"https:\/\/www.elkoso.tech\/wp-content\/uploads\/2024\/07\/\u0395\u03b9\u03ba\u03bf\u03bd\u03af\u03b4\u03b9\u03bf_PDF-removebg.png\" alt=\"\" width=\"62\" height=\"62\" \/>Control Valve<\/a><a href=\"https:\/\/www.elkoso.tech\/wp-content\/uploads\/2025\/04\/ELKOSO-control-valves-CATALOGUE.pdf\" target=\"_blank\" rel=\"noopener\">\u00a0Catalogue<\/a><\/p><p data-wp-editing=\"1\"><a href=\"https:\/\/www.elkoso.tech\/wp-content\/uploads\/2025\/04\/ELKOSO-nozzle-nut-CATALOGUE.pdf\" target=\"_blank\" rel=\"noopener\"><img loading=\"lazy\" decoding=\"async\" class=\"alignnone wp-image-7726\" src=\"https:\/\/www.elkoso.tech\/wp-content\/uploads\/2024\/07\/\u0395\u03b9\u03ba\u03bf\u03bd\u03af\u03b4\u03b9\u03bf_PDF-removebg.png\" alt=\"\" width=\"62\" height=\"62\" \/>Nozzle Nut<\/a><a href=\"https:\/\/www.elkoso.tech\/wp-content\/uploads\/2025\/04\/ELKOSO-nozzle-nut-CATALOGUE.pdf\" target=\"_blank\" rel=\"noopener\">\u00a0Catalogue<\/a><\/p><p data-wp-editing=\"1\"><a href=\"https:\/\/www.elkoso.tech\/wp-content\/uploads\/2025\/04\/ELKOSO-Nozzles-CATALOGUE.pdf\" target=\"_blank\" rel=\"noopener\"><img loading=\"lazy\" decoding=\"async\" class=\"alignnone wp-image-7726\" src=\"https:\/\/www.elkoso.tech\/wp-content\/uploads\/2024\/07\/\u0395\u03b9\u03ba\u03bf\u03bd\u03af\u03b4\u03b9\u03bf_PDF-removebg.png\" alt=\"\" width=\"62\" height=\"62\" \/><\/a><a href=\"https:\/\/www.elkoso.tech\/wp-content\/uploads\/2025\/04\/ELKOSO-Nozzles-CATALOGUE.pdf\" target=\"_blank\" rel=\"noopener\">Boquilla <\/a><a href=\"https:\/\/www.elkoso.tech\/wp-content\/uploads\/2025\/04\/ELKOSO-Nozzles-CATALOGUE.pdf\" target=\"_blank\" rel=\"noopener\">Catalogue<\/a><\/p><\/div>\n\t\t\t\t\t\t\t<\/div>\n\t\t<\/div>\n\t\t\t\t\t\t<\/div>\n\t\t\t\t<\/div>\n\t\t\t\t<\/div>\n\t\t\t\t<\/div>\n\t\t<div class=\"elementor-element elementor-element-4e85500 e-flex e-con-boxed e-con e-parent\" data-id=\"4e85500\" data-element_type=\"container\">\r\n\t\t\t\t\t<div class=\"e-con-inner\">\r\n\t\t\t\t<div class=\"elementor-element elementor-element-3c15ed8 elementor-widget elementor-widget-spacer\" data-id=\"3c15ed8\" data-element_type=\"widget\" data-widget_type=\"spacer.default\">\n\t\t\t\t<div class=\"elementor-widget-container\">\n\t\t\t\t\t\t\t<div class=\"elementor-spacer\">\n\t\t\t<div class=\"elementor-spacer-inner\"><\/div>\n\t\t<\/div>\n\t\t\t\t\t\t<\/div>\n\t\t\t\t<\/div>\n\t\t\t\t\t<\/div>\n\t\t\t\t<\/div>\n\t\t\t\t<\/div>","protected":false},"excerpt":{"rendered":"<p>Premium Manufacturing Components Injector Parts At Elkoso, precision manufacturing is at the core of our commitment to excellence, and this is particularly evident in our production of nozzles and nuts for common rail injectors. With an extensive history in the industry, we have honed our expertise to deliver components that exemplify accuracy and reliability.Our state-of-the-art [&hellip;]<\/p>\n","protected":false},"author":1,"featured_media":0,"parent":0,"menu_order":0,"comment_status":"closed","ping_status":"closed","template":"elementor_header_footer","meta":{"footnotes":""},"class_list":["post-18374","page","type-page","status-publish","hentry"],"yoast_head":"<!-- This site is optimized with the Yoast SEO plugin v27.0 - https:\/\/yoast.com\/product\/yoast-seo-wordpress\/ -->\n<title>Injector Parts - ELKOSO<\/title>\n<meta name=\"robots\" content=\"index, follow, max-snippet:-1, max-image-preview:large, max-video-preview:-1\" \/>\n<link rel=\"canonical\" href=\"https:\/\/www.elkoso.tech\/es\/injector-nozzles-2\/\" \/>\n<meta property=\"og:locale\" content=\"es_ES\" \/>\n<meta property=\"og:type\" content=\"article\" \/>\n<meta property=\"og:title\" content=\"Injector Parts - ELKOSO\" \/>\n<meta property=\"og:description\" content=\"Premium Manufacturing Components Injector Parts At Elkoso, precision manufacturing is at the core of our commitment to excellence, and this is particularly evident in our production of nozzles and nuts for common rail injectors. With an extensive history in the industry, we have honed our expertise to deliver components that exemplify accuracy and reliability.Our state-of-the-art [&hellip;]\" \/>\n<meta property=\"og:url\" content=\"https:\/\/www.elkoso.tech\/es\/injector-nozzles-2\/\" \/>\n<meta property=\"og:site_name\" content=\"ELKOSO\" \/>\n<meta property=\"article:publisher\" content=\"https:\/\/www.facebook.com\/elkosoparts\/\" \/>\n<meta property=\"article:modified_time\" content=\"2025-05-10T18:57:20+00:00\" \/>\n<meta property=\"og:image\" content=\"https:\/\/www.elkoso.tech\/wp-content\/uploads\/2024\/03\/2nd-paragraf.png\" \/>\n\t<meta property=\"og:image:width\" content=\"936\" \/>\n\t<meta property=\"og:image:height\" content=\"973\" \/>\n\t<meta property=\"og:image:type\" content=\"image\/png\" \/>\n<meta name=\"twitter:card\" content=\"summary_large_image\" \/>\n<meta name=\"twitter:label1\" content=\"Tiempo de lectura\" \/>\n\t<meta name=\"twitter:data1\" content=\"4 minutos\" \/>\n<script type=\"application\/ld+json\" class=\"yoast-schema-graph\">{\"@context\":\"https:\/\/schema.org\",\"@graph\":[{\"@type\":\"WebPage\",\"@id\":\"https:\/\/www.elkoso.tech\/injector-nozzles-2\/\",\"url\":\"https:\/\/www.elkoso.tech\/injector-nozzles-2\/\",\"name\":\"Injector Parts - ELKOSO\",\"isPartOf\":{\"@id\":\"https:\/\/www.elkoso.tech\/#website\"},\"primaryImageOfPage\":{\"@id\":\"https:\/\/www.elkoso.tech\/injector-nozzles-2\/#primaryimage\"},\"image\":{\"@id\":\"https:\/\/www.elkoso.tech\/injector-nozzles-2\/#primaryimage\"},\"thumbnailUrl\":\"https:\/\/www.elkoso.tech\/wp-content\/uploads\/2024\/03\/2nd-paragraf-289x300.png\",\"datePublished\":\"2025-05-10T18:54:19+00:00\",\"dateModified\":\"2025-05-10T18:57:20+00:00\",\"breadcrumb\":{\"@id\":\"https:\/\/www.elkoso.tech\/injector-nozzles-2\/#breadcrumb\"},\"inLanguage\":\"es\",\"potentialAction\":[{\"@type\":\"ReadAction\",\"target\":[\"https:\/\/www.elkoso.tech\/injector-nozzles-2\/\"]}]},{\"@type\":\"ImageObject\",\"inLanguage\":\"es\",\"@id\":\"https:\/\/www.elkoso.tech\/injector-nozzles-2\/#primaryimage\",\"url\":\"https:\/\/www.elkoso.tech\/wp-content\/uploads\/2024\/03\/2nd-paragraf-289x300.png\",\"contentUrl\":\"https:\/\/www.elkoso.tech\/wp-content\/uploads\/2024\/03\/2nd-paragraf-289x300.png\"},{\"@type\":\"BreadcrumbList\",\"@id\":\"https:\/\/www.elkoso.tech\/injector-nozzles-2\/#breadcrumb\",\"itemListElement\":[{\"@type\":\"ListItem\",\"position\":1,\"name\":\"\u0391\u03c1\u03c7\u03b9\u03ba\u03ae\",\"item\":\"https:\/\/www.elkoso.tech\/\"},{\"@type\":\"ListItem\",\"position\":2,\"name\":\"Injector Parts\"}]},{\"@type\":\"WebSite\",\"@id\":\"https:\/\/www.elkoso.tech\/#website\",\"url\":\"https:\/\/www.elkoso.tech\/\",\"name\":\"ELKOSO\",\"description\":\"At Elkoso, skilled team ensures every spare part exceeds industry standards...\",\"publisher\":{\"@id\":\"https:\/\/www.elkoso.tech\/#organization\"},\"alternateName\":\"ELKOSO\",\"potentialAction\":[{\"@type\":\"SearchAction\",\"target\":{\"@type\":\"EntryPoint\",\"urlTemplate\":\"https:\/\/www.elkoso.tech\/?s={search_term_string}\"},\"query-input\":{\"@type\":\"PropertyValueSpecification\",\"valueRequired\":true,\"valueName\":\"search_term_string\"}}],\"inLanguage\":\"es\"},{\"@type\":\"Organization\",\"@id\":\"https:\/\/www.elkoso.tech\/#organization\",\"name\":\"ELKOSO\",\"alternateName\":\"ELKOSO\",\"url\":\"https:\/\/www.elkoso.tech\/\",\"logo\":{\"@type\":\"ImageObject\",\"inLanguage\":\"es\",\"@id\":\"https:\/\/www.elkoso.tech\/#\/schema\/logo\/image\/\",\"url\":\"https:\/\/www.elkoso.tech\/wp-content\/uploads\/2024\/06\/Logo-Elkoso-1688x1688-1.png\",\"contentUrl\":\"https:\/\/www.elkoso.tech\/wp-content\/uploads\/2024\/06\/Logo-Elkoso-1688x1688-1.png\",\"width\":1688,\"height\":1688,\"caption\":\"ELKOSO\"},\"image\":{\"@id\":\"https:\/\/www.elkoso.tech\/#\/schema\/logo\/image\/\"},\"sameAs\":[\"https:\/\/www.facebook.com\/elkosoparts\/\"]}]}<\/script>\n<!-- \/ Yoast SEO plugin. -->","yoast_head_json":{"title":"Injector Parts - ELKOSO","robots":{"index":"index","follow":"follow","max-snippet":"max-snippet:-1","max-image-preview":"max-image-preview:large","max-video-preview":"max-video-preview:-1"},"canonical":"https:\/\/www.elkoso.tech\/es\/injector-nozzles-2\/","og_locale":"es_ES","og_type":"article","og_title":"Injector Parts - ELKOSO","og_description":"Premium Manufacturing Components Injector Parts At Elkoso, precision manufacturing is at the core of our commitment to excellence, and this is particularly evident in our production of nozzles and nuts for common rail injectors. With an extensive history in the industry, we have honed our expertise to deliver components that exemplify accuracy and reliability.Our state-of-the-art [&hellip;]","og_url":"https:\/\/www.elkoso.tech\/es\/injector-nozzles-2\/","og_site_name":"ELKOSO","article_publisher":"https:\/\/www.facebook.com\/elkosoparts\/","article_modified_time":"2025-05-10T18:57:20+00:00","og_image":[{"url":"https:\/\/www.elkoso.tech\/wp-content\/uploads\/2024\/03\/2nd-paragraf.png","width":936,"height":973,"type":"image\/png"}],"twitter_card":"summary_large_image","twitter_misc":{"Tiempo de lectura":"4 minutos"},"schema":{"@context":"https:\/\/schema.org","@graph":[{"@type":"WebPage","@id":"https:\/\/www.elkoso.tech\/injector-nozzles-2\/","url":"https:\/\/www.elkoso.tech\/injector-nozzles-2\/","name":"Injector Parts - ELKOSO","isPartOf":{"@id":"https:\/\/www.elkoso.tech\/#website"},"primaryImageOfPage":{"@id":"https:\/\/www.elkoso.tech\/injector-nozzles-2\/#primaryimage"},"image":{"@id":"https:\/\/www.elkoso.tech\/injector-nozzles-2\/#primaryimage"},"thumbnailUrl":"https:\/\/www.elkoso.tech\/wp-content\/uploads\/2024\/03\/2nd-paragraf-289x300.png","datePublished":"2025-05-10T18:54:19+00:00","dateModified":"2025-05-10T18:57:20+00:00","breadcrumb":{"@id":"https:\/\/www.elkoso.tech\/injector-nozzles-2\/#breadcrumb"},"inLanguage":"es","potentialAction":[{"@type":"ReadAction","target":["https:\/\/www.elkoso.tech\/injector-nozzles-2\/"]}]},{"@type":"ImageObject","inLanguage":"es","@id":"https:\/\/www.elkoso.tech\/injector-nozzles-2\/#primaryimage","url":"https:\/\/www.elkoso.tech\/wp-content\/uploads\/2024\/03\/2nd-paragraf-289x300.png","contentUrl":"https:\/\/www.elkoso.tech\/wp-content\/uploads\/2024\/03\/2nd-paragraf-289x300.png"},{"@type":"BreadcrumbList","@id":"https:\/\/www.elkoso.tech\/injector-nozzles-2\/#breadcrumb","itemListElement":[{"@type":"ListItem","position":1,"name":"\u0391\u03c1\u03c7\u03b9\u03ba\u03ae","item":"https:\/\/www.elkoso.tech\/"},{"@type":"ListItem","position":2,"name":"Injector Parts"}]},{"@type":"WebSite","@id":"https:\/\/www.elkoso.tech\/#website","url":"https:\/\/www.elkoso.tech\/","name":"ELKOSO","description":"At Elkoso, skilled team ensures every spare part exceeds industry standards...","publisher":{"@id":"https:\/\/www.elkoso.tech\/#organization"},"alternateName":"ELKOSO","potentialAction":[{"@type":"SearchAction","target":{"@type":"EntryPoint","urlTemplate":"https:\/\/www.elkoso.tech\/?s={search_term_string}"},"query-input":{"@type":"PropertyValueSpecification","valueRequired":true,"valueName":"search_term_string"}}],"inLanguage":"es"},{"@type":"Organization","@id":"https:\/\/www.elkoso.tech\/#organization","name":"ELKOSO","alternateName":"ELKOSO","url":"https:\/\/www.elkoso.tech\/","logo":{"@type":"ImageObject","inLanguage":"es","@id":"https:\/\/www.elkoso.tech\/#\/schema\/logo\/image\/","url":"https:\/\/www.elkoso.tech\/wp-content\/uploads\/2024\/06\/Logo-Elkoso-1688x1688-1.png","contentUrl":"https:\/\/www.elkoso.tech\/wp-content\/uploads\/2024\/06\/Logo-Elkoso-1688x1688-1.png","width":1688,"height":1688,"caption":"ELKOSO"},"image":{"@id":"https:\/\/www.elkoso.tech\/#\/schema\/logo\/image\/"},"sameAs":["https:\/\/www.facebook.com\/elkosoparts\/"]}]}},"_links":{"self":[{"href":"https:\/\/www.elkoso.tech\/es\/wp-json\/wp\/v2\/pages\/18374","targetHints":{"allow":["GET"]}}],"collection":[{"href":"https:\/\/www.elkoso.tech\/es\/wp-json\/wp\/v2\/pages"}],"about":[{"href":"https:\/\/www.elkoso.tech\/es\/wp-json\/wp\/v2\/types\/page"}],"author":[{"embeddable":true,"href":"https:\/\/www.elkoso.tech\/es\/wp-json\/wp\/v2\/users\/1"}],"replies":[{"embeddable":true,"href":"https:\/\/www.elkoso.tech\/es\/wp-json\/wp\/v2\/comments?post=18374"}],"version-history":[{"count":4,"href":"https:\/\/www.elkoso.tech\/es\/wp-json\/wp\/v2\/pages\/18374\/revisions"}],"predecessor-version":[{"id":18381,"href":"https:\/\/www.elkoso.tech\/es\/wp-json\/wp\/v2\/pages\/18374\/revisions\/18381"}],"wp:attachment":[{"href":"https:\/\/www.elkoso.tech\/es\/wp-json\/wp\/v2\/media?parent=18374"}],"curies":[{"name":"wp","href":"https:\/\/api.w.org\/{rel}","templated":true}]}}