{"id":18385,"date":"2025-05-10T22:13:15","date_gmt":"2025-05-10T19:13:15","guid":{"rendered":"https:\/\/www.elkoso.tech\/?page_id=18385"},"modified":"2025-05-10T22:13:15","modified_gmt":"2025-05-10T19:13:15","slug":"heavy-duty-parts","status":"publish","type":"page","link":"https:\/\/www.elkoso.tech\/es\/heavy-duty-parts\/","title":{"rendered":"Piezas de servicio pesado"},"content":{"rendered":"<div data-elementor-type=\"wp-page\" data-elementor-id=\"18385\" class=\"elementor elementor-18385\" data-elementor-post-type=\"page\">\n\t\t\t\t<div class=\"elementor-element elementor-element-d05a631 e-flex e-con-boxed e-con e-parent\" data-id=\"d05a631\" data-element_type=\"container\">\r\n\t\t\t\t\t<div class=\"e-con-inner\">\r\n\t\t\t\t<div class=\"elementor-element elementor-element-3e4b142 elementor-widget elementor-widget-shortcode\" data-id=\"3e4b142\" data-element_type=\"widget\" data-widget_type=\"shortcode.default\">\n\t\t\t\t<div class=\"elementor-widget-container\">\n\t\t\t\t\t\t\t<div class=\"elementor-shortcode\"><\/div>\n\t\t\t\t\t\t<\/div>\n\t\t\t\t<\/div>\n\t\t\t\t\t<\/div>\n\t\t\t\t<\/div>\n\t\t<div class=\"elementor-element elementor-element-686b09d e-flex e-con-boxed e-con e-parent\" data-id=\"686b09d\" data-element_type=\"container\">\r\n\t\t\t\t\t<div class=\"e-con-inner\">\r\n\t\t\t\t<div class=\"elementor-element elementor-element-f357f62 elementor-widget elementor-widget-heading\" data-id=\"f357f62\" data-element_type=\"widget\" data-widget_type=\"heading.default\">\n\t\t\t\t<div class=\"elementor-widget-container\">\n\t\t\t\t\t<div class=\"elementor-heading-title elementor-size-default\">Componentes de fabricaci\u00f3n premium<\/div>\t\t\t\t<\/div>\n\t\t\t\t<\/div>\n\t\t\t\t<div class=\"elementor-element elementor-element-165fe90 elementor-widget elementor-widget-heading\" data-id=\"165fe90\" data-element_type=\"widget\" data-widget_type=\"heading.default\">\n\t\t\t\t<div class=\"elementor-widget-container\">\n\t\t\t\t\t<div class=\"elementor-heading-title elementor-size-default\">Piezas de servicio pesado<\/div>\t\t\t\t<\/div>\n\t\t\t\t<\/div>\n\t\t\t\t<div class=\"elementor-element elementor-element-1fb5290 elementor-absolute e-transform elementor-widget__width-inherit e-transform elementor-hidden-mobile elementor-widget elementor-widget-image\" data-id=\"1fb5290\" data-element_type=\"widget\" data-settings=\"{&quot;_position&quot;:&quot;absolute&quot;,&quot;_transform_rotateZ_effect&quot;:{&quot;unit&quot;:&quot;px&quot;,&quot;size&quot;:-13,&quot;sizes&quot;:[]},&quot;_transform_rotateZ_effect_laptop&quot;:{&quot;unit&quot;:&quot;deg&quot;,&quot;size&quot;:&quot;&quot;,&quot;sizes&quot;:[]},&quot;_transform_rotateZ_effect_tablet_extra&quot;:{&quot;unit&quot;:&quot;deg&quot;,&quot;size&quot;:&quot;&quot;,&quot;sizes&quot;:[]},&quot;_transform_rotateZ_effect_tablet&quot;:{&quot;unit&quot;:&quot;deg&quot;,&quot;size&quot;:&quot;&quot;,&quot;sizes&quot;:[]},&quot;_transform_rotateZ_effect_mobile&quot;:{&quot;unit&quot;:&quot;deg&quot;,&quot;size&quot;:&quot;&quot;,&quot;sizes&quot;:[]},&quot;_transform_scale_effect&quot;:{&quot;unit&quot;:&quot;px&quot;,&quot;size&quot;:&quot;&quot;,&quot;sizes&quot;:[]},&quot;_transform_scale_effect_laptop&quot;:{&quot;unit&quot;:&quot;px&quot;,&quot;size&quot;:&quot;&quot;,&quot;sizes&quot;:[]},&quot;_transform_scale_effect_tablet_extra&quot;:{&quot;unit&quot;:&quot;px&quot;,&quot;size&quot;:&quot;&quot;,&quot;sizes&quot;:[]},&quot;_transform_scale_effect_tablet&quot;:{&quot;unit&quot;:&quot;px&quot;,&quot;size&quot;:&quot;&quot;,&quot;sizes&quot;:[]},&quot;_transform_scale_effect_mobile&quot;:{&quot;unit&quot;:&quot;px&quot;,&quot;size&quot;:&quot;&quot;,&quot;sizes&quot;:[]}}\" data-widget_type=\"image.default\">\n\t\t\t\t<div class=\"elementor-widget-container\">\n\t\t\t\t\t\t\t\t\t\t\t\t\t\t\t<img fetchpriority=\"high\" decoding=\"async\" width=\"289\" height=\"300\" src=\"https:\/\/www.elkoso.tech\/wp-content\/uploads\/2024\/03\/2nd-paragraf-289x300.png\" class=\"attachment-medium size-medium wp-image-1691\" alt=\"ELKOSO background\" \/>\t\t\t\t\t\t\t\t\t\t\t\t\t\t\t<\/div>\n\t\t\t\t<\/div>\n\t\t\t\t<div class=\"elementor-element elementor-element-00a2d41 elementor-widget elementor-widget-text-editor\" data-id=\"00a2d41\" data-element_type=\"widget\" data-widget_type=\"text-editor.default\">\n\t\t\t\t<div class=\"elementor-widget-container\">\n\t\t\t\t\t\t\t\t\t<p>La producci\u00f3n de repuestos para inyectores de servicio pesado implica procesos de fabricaci\u00f3n especializados y <br \/>Materiales para satisfacer las altas demandas de maquinaria pesada, equipos de construcci\u00f3n y grandes motores di\u00e9sel. <br \/>ELKOSO, como fabricante, garantiza que estas piezas ofrecen durabilidad, precisi\u00f3n y confiabilidad.<\/p>\t\t\t\t\t\t\t\t<\/div>\n\t\t\t\t<\/div>\n\t\t\t\t\t<\/div>\n\t\t\t\t<\/div>\n\t\t<div class=\"elementor-element elementor-element-99e22dc e-con-full e-flex e-con e-parent\" data-id=\"99e22dc\" data-element_type=\"container\">\r\n\t\t<div class=\"elementor-element elementor-element-d4ea58d e-con-full e-flex e-con e-child\" data-id=\"d4ea58d\" data-element_type=\"container\" id=\"div-tou-proiontos-tou-pump-shafts\" data-settings=\"{&quot;background_background&quot;:&quot;gradient&quot;}\">\r\n\t\t\t\t<div class=\"elementor-element elementor-element-4b0203c elementor-widget__width-initial elementor-widget elementor-widget-image\" data-id=\"4b0203c\" data-element_type=\"widget\" data-widget_type=\"image.default\">\n\t\t\t\t<div class=\"elementor-widget-container\">\n\t\t\t\t\t\t\t\t\t\t\t\t\t\t\t<img decoding=\"async\" width=\"130\" height=\"150\" src=\"https:\/\/www.elkoso.tech\/wp-content\/uploads\/2024\/07\/xeri_pou_prosferi_autokinito-removebg.png\" class=\"attachment-thumbnail size-thumbnail wp-image-3844\" alt=\"\" \/>\t\t\t\t\t\t\t\t\t\t\t\t\t\t\t<\/div>\n\t\t\t\t<\/div>\n\t\t\t\t<div class=\"elementor-element elementor-element-f9c0ebf e-transform elementor-widget elementor-widget-image\" data-id=\"f9c0ebf\" data-element_type=\"widget\" data-settings=\"{&quot;_transform_translateY_effect&quot;:{&quot;unit&quot;:&quot;px&quot;,&quot;size&quot;:-60,&quot;sizes&quot;:[]},&quot;_transform_translateX_effect_mobile&quot;:{&quot;unit&quot;:&quot;px&quot;,&quot;size&quot;:0,&quot;sizes&quot;:[]},&quot;_transform_translateX_effect&quot;:{&quot;unit&quot;:&quot;px&quot;,&quot;size&quot;:&quot;&quot;,&quot;sizes&quot;:[]},&quot;_transform_translateX_effect_laptop&quot;:{&quot;unit&quot;:&quot;px&quot;,&quot;size&quot;:&quot;&quot;,&quot;sizes&quot;:[]},&quot;_transform_translateX_effect_tablet_extra&quot;:{&quot;unit&quot;:&quot;px&quot;,&quot;size&quot;:&quot;&quot;,&quot;sizes&quot;:[]},&quot;_transform_translateX_effect_tablet&quot;:{&quot;unit&quot;:&quot;px&quot;,&quot;size&quot;:&quot;&quot;,&quot;sizes&quot;:[]},&quot;_transform_translateY_effect_laptop&quot;:{&quot;unit&quot;:&quot;px&quot;,&quot;size&quot;:&quot;&quot;,&quot;sizes&quot;:[]},&quot;_transform_translateY_effect_tablet_extra&quot;:{&quot;unit&quot;:&quot;px&quot;,&quot;size&quot;:&quot;&quot;,&quot;sizes&quot;:[]},&quot;_transform_translateY_effect_tablet&quot;:{&quot;unit&quot;:&quot;px&quot;,&quot;size&quot;:&quot;&quot;,&quot;sizes&quot;:[]},&quot;_transform_translateY_effect_mobile&quot;:{&quot;unit&quot;:&quot;px&quot;,&quot;size&quot;:&quot;&quot;,&quot;sizes&quot;:[]}}\" data-widget_type=\"image.default\">\n\t\t\t\t<div class=\"elementor-widget-container\">\n\t\t\t\t\t\t\t\t\t\t\t\t\t\t\t<img decoding=\"async\" width=\"300\" height=\"300\" src=\"https:\/\/www.elkoso.tech\/wp-content\/uploads\/2024\/07\/Heavy-duty-parts.png\" class=\"attachment-medium size-medium wp-image-7631\" alt=\"ELKOSO Heavy duty parts\" \/>\t\t\t\t\t\t\t\t\t\t\t\t\t\t\t<\/div>\n\t\t\t\t<\/div>\n\t\t\t\t<div class=\"elementor-element elementor-element-dc4caf2 keimeno-tou-proiontos-tou-pump-shafts elementor-widget elementor-widget-text-editor\" data-id=\"dc4caf2\" data-element_type=\"widget\" data-widget_type=\"text-editor.default\">\n\t\t\t\t<div class=\"elementor-widget-container\">\n\t\t\t\t\t\t\t\t\t<p>ELKOSO se enorgullece de ofrecer una amplia gama de turbocompresores, con un enfoque en la artesan\u00eda de calidad y la tecnolog\u00eda de vanguardia, los turbocompresores OEM ELKOSO est\u00e1n meticulosamente dise\u00f1ados para brindar una potencia excepcional.<\/p>\t\t\t\t\t\t\t\t<\/div>\n\t\t\t\t<\/div>\n\t\t\t\t<\/div>\n\t\t<div class=\"elementor-element elementor-element-e49d297 e-con-full e-flex e-con e-child\" data-id=\"e49d297\" data-element_type=\"container\" id=\"div-tou-tab-tou-pump-shafts\">\r\n\t\t\t\t<div class=\"elementor-element elementor-element-3342dde elementor-tabs-view-horizontal elementor-widget elementor-widget-tabs\" data-id=\"3342dde\" data-element_type=\"widget\" data-widget_type=\"tabs.default\">\n\t\t\t\t<div class=\"elementor-widget-container\">\n\t\t\t\t\t\t\t<div class=\"elementor-tabs\">\n\t\t\t<div class=\"elementor-tabs-wrapper\" role=\"tablist\" >\n\t\t\t\t\t\t\t\t\t<div id=\"elementor-tab-title-5371\" class=\"elementor-tab-title elementor-tab-desktop-title\" aria-selected=\"true\" data-tab=\"1\" role=\"tab\" tabindex=\"0\" aria-controls=\"elementor-tab-content-5371\" aria-expanded=\"false\">Informaci\u00f3n t\u00e9cnica <\/div>\n\t\t\t\t\t\t\t\t\t<div id=\"elementor-tab-title-5372\" class=\"elementor-tab-title elementor-tab-desktop-title\" aria-selected=\"false\" data-tab=\"2\" role=\"tab\" tabindex=\"-1\" aria-controls=\"elementor-tab-content-5372\" aria-expanded=\"false\">Informaci\u00f3n adicional<\/div>\n\t\t\t\t\t\t\t<\/div>\n\t\t\t<div class=\"elementor-tabs-content-wrapper\" role=\"tablist\" aria-orientation=\"vertical\">\n\t\t\t\t\t\t\t\t\t<div class=\"elementor-tab-title elementor-tab-mobile-title\" aria-selected=\"true\" data-tab=\"1\" role=\"tab\" tabindex=\"0\" aria-controls=\"elementor-tab-content-5371\" aria-expanded=\"false\">Informaci\u00f3n t\u00e9cnica <\/div>\n\t\t\t\t\t<div id=\"elementor-tab-content-5371\" class=\"elementor-tab-content elementor-clearfix\" data-tab=\"1\" role=\"tabpanel\" aria-labelledby=\"elementor-tab-title-5371\" tabindex=\"0\" hidden=\"false\"><p><span style=\"position: relative; top: 10px; font-size: 19px; color: #000000;\"><strong>Piezas de servicio pesado<\/strong><\/span><\/p><p><strong>Especificaciones t\u00e9cnicas<\/strong><\/p><ol><li><strong>Boquillas inyectoras<\/strong>:<ul><li><strong>Fabricaci\u00f3n<\/strong>:Perforado con precisi\u00f3n mediante t\u00e9cnicas l\u00e1ser o EDM para una atomizaci\u00f3n precisa del combustible.<\/li><li><strong>Material<\/strong>:Aleaciones de acero de alta resistencia con recubrimientos DLC o CrN para resistencia al desgaste.<\/li><\/ul><\/li><li><strong>\u00c9mbolos y barriles<\/strong>:<ul><li><strong>Fabricaci\u00f3n<\/strong>:Mecanizado con precisi\u00f3n y tratado t\u00e9rmicamente para tolerancia a alta presi\u00f3n y durabilidad.<\/li><li><strong>Material<\/strong>:Aceros para herramientas con tratamientos superficiales avanzados para reducir la fricci\u00f3n y el desgaste.<\/li><\/ul><\/li><li><strong>V\u00e1lvulas de aguja<\/strong>:<ul><li><strong>Fabricaci\u00f3n<\/strong>:Micromaquinado para un control preciso sobre la inyecci\u00f3n de combustible.<\/li><li><strong>Material<\/strong>:Acero inoxidable de alta resistencia o aleaciones especiales con recubrimientos superficiales.<\/li><\/ul><\/li><li><strong>V\u00e1lvulas de control<\/strong>:<ul><li><strong>Fabricaci\u00f3n<\/strong>:Mecanizado CNC para tolerancias estrictas y un rendimiento confiable.<\/li><li><strong>Material<\/strong>:Aleaciones y compuestos de alto rendimiento para mayor durabilidad bajo altas presiones.<\/li><\/ul><\/li><li><strong>Dimensiones y tolerancias:<\/strong><ul><li><strong>Di\u00e1metro del orificio: <\/strong>Los di\u00e1metros de los orificios de las boquillas suelen oscilar entre 100 y 200 micr\u00f3metros, con tolerancias de unos pocos micr\u00f3metros.<\/li><li><strong>Dimensiones cr\u00edticas: <\/strong>Los componentes como \u00e9mbolos y agujas requieren geometr\u00edas extremadamente precisas para garantizar un sellado y suministro de combustible adecuados.<\/li><\/ul><\/li><\/ol><p><strong>Control de calidad y pruebas<\/strong><\/p><ol><li><strong>Ensayos no destructivos (END):<\/strong><ul><li>Prueba ultras\u00f3nica: detecta fallas internas en los materiales.<\/li><li><strong>Inspecci\u00f3n de part\u00edculas magn\u00e9ticas: <\/strong>Identifica defectos superficiales y subsuperficiales.<\/li><li><strong>Inspecci\u00f3n por rayos X: <\/strong>Se utiliza para el examen interno detallado de piezas como boquillas y \u00e9mbolos.<\/li><\/ul><\/li><li><strong>Inspecci\u00f3n dimensional:<\/strong><ul><li><strong>M\u00e1quinas de medici\u00f3n por coordenadas (CMM): <\/strong>Garantizar la precisi\u00f3n dimensional y el cumplimiento de las especificaciones de dise\u00f1o.<\/li><li><strong>Prueba de rugosidad superficial: <\/strong>Verifica que los acabados de la superficie cumplan con los est\u00e1ndares requeridos.<\/li><\/ul><\/li><li><strong>Pruebas de rendimiento:<\/strong><ul><li><strong>An\u00e1lisis del patr\u00f3n de pulverizaci\u00f3n: <\/strong>Garantiza un patr\u00f3n de pulverizaci\u00f3n correcto para una mezcla \u00f3ptima de combustible y aire.<\/li><li><strong>Prueba de caudal: <\/strong>Verifica el correcto suministro de combustible.<\/li><li><strong>Prueba de durabilidad: <\/strong>Simula el funcionamiento a largo plazo para garantizar que los componentes puedan soportar un uso prolongado.<\/li><\/ul><\/li><\/ol><p>Al aprovechar materiales de alta calidad, procesos de fabricaci\u00f3n avanzados y un riguroso control de calidad, ELKOSO garantiza que sus repuestos de inyectores de servicio pesado cumplan con los exigentes requisitos de las aplicaciones industriales, proporcionando un rendimiento confiable y longevidad en entornos operativos hostiles.<\/p><p><img loading=\"lazy\" decoding=\"async\" class=\"alignright move-up\" src=\"https:\/\/www.elkoso.tech\/wp-content\/uploads\/2024\/07\/tria-autokimita-panoramiki-skitso.png\" alt=\"Tria autokinita skitso\" width=\"100\" height=\"100\" \/><\/p><\/div>\n\t\t\t\t\t\t\t\t\t<div class=\"elementor-tab-title elementor-tab-mobile-title\" aria-selected=\"false\" data-tab=\"2\" role=\"tab\" tabindex=\"-1\" aria-controls=\"elementor-tab-content-5372\" aria-expanded=\"false\">Informaci\u00f3n adicional<\/div>\n\t\t\t\t\t<div id=\"elementor-tab-content-5372\" class=\"elementor-tab-content elementor-clearfix\" data-tab=\"2\" role=\"tabpanel\" aria-labelledby=\"elementor-tab-title-5372\" tabindex=\"0\" hidden=\"hidden\"><p data-wp-editing=\"1\"><a href=\"https:\/\/www.elkoso.tech\/wp-content\/uploads\/2025\/04\/ELKOSO%20Heavy-Duty%20Injector%20Control%20Valve_new.pdf\" target=\"_blank\" rel=\"noopener\" data-wp-editing=\"1\">\u00a0<\/a><a href=\"https:\/\/www.elkoso.tech\/wp-content\/uploads\/2025\/04\/ELKOSO%20Heavy-Duty%20Injector%20Control%20Valve_new.pdf\" target=\"_blank\" rel=\"noopener\"><img loading=\"lazy\" decoding=\"async\" class=\"alignnone wp-image-7726\" src=\"https:\/\/www.elkoso.tech\/wp-content\/uploads\/2024\/07\/\u0395\u03b9\u03ba\u03bf\u03bd\u03af\u03b4\u03b9\u03bf_PDF-removebg.png\" alt=\"\" width=\"46\" height=\"46\" \/><\/a><a href=\"https:\/\/www.elkoso.tech\/wp-content\/uploads\/2025\/04\/ELKOSO%20Heavy-Duty%20Injector%20Control%20Valve_new.pdf\" target=\"_blank\" rel=\"noopener\" data-wp-editing=\"1\">V\u00e1lvula de control de inyector de servicio pesado<\/a><\/p>\n<p data-wp-editing=\"1\"><a href=\"https:\/\/www.elkoso.tech\/wp-content\/uploads\/2025\/04\/ELKOSO%20Heavy%20Duty%20Part%20Catalogue_new.pdf\" target=\"_blank\" rel=\"noopener\"><img loading=\"lazy\" decoding=\"async\" class=\"alignnone wp-image-7726\" src=\"https:\/\/www.elkoso.tech\/wp-content\/uploads\/2024\/07\/\u0395\u03b9\u03ba\u03bf\u03bd\u03af\u03b4\u03b9\u03bf_PDF-removebg.png\" alt=\"\" width=\"46\" height=\"46\" \/><\/a><a href=\"https:\/\/www.elkoso.tech\/wp-content\/uploads\/2025\/04\/ELKOSO%20Heavy%20Duty%20Part%20Catalogue_new.pdf\" target=\"_blank\" rel=\"noopener\" data-wp-editing=\"1\">Cat\u00e1logo de piezas para trabajo pesado<\/a><\/p>\n<p data-wp-editing=\"1\"><a href=\"https:\/\/www.youtube.com\/watch?v=91DLxOheYZ8\" target=\"_blank\" rel=\"noopener\" data-wp-editing=\"1\"><img loading=\"lazy\" decoding=\"async\" class=\"alignnone wp-image-7755\" src=\"https:\/\/www.elkoso.tech\/wp-content\/uploads\/2024\/07\/youtube-icon.png\" alt=\"\" width=\"37\" height=\"37\" \/> Montaje, desmontaje y prueba de inyectores para motores Cummins N14-M11<\/a><\/p><\/div>\n\t\t\t\t\t\t\t<\/div>\n\t\t<\/div>\n\t\t\t\t\t\t<\/div>\n\t\t\t\t<\/div>\n\t\t\t\t<\/div>\n\t\t\t\t<\/div>\n\t\t<div class=\"elementor-element elementor-element-4e85500 e-flex e-con-boxed e-con e-parent\" data-id=\"4e85500\" data-element_type=\"container\">\r\n\t\t\t\t\t<div class=\"e-con-inner\">\r\n\t\t\t\t<div class=\"elementor-element elementor-element-3c15ed8 elementor-widget elementor-widget-spacer\" data-id=\"3c15ed8\" data-element_type=\"widget\" data-widget_type=\"spacer.default\">\n\t\t\t\t<div class=\"elementor-widget-container\">\n\t\t\t\t\t\t\t<div class=\"elementor-spacer\">\n\t\t\t<div class=\"elementor-spacer-inner\"><\/div>\n\t\t<\/div>\n\t\t\t\t\t\t<\/div>\n\t\t\t\t<\/div>\n\t\t\t\t\t<\/div>\n\t\t\t\t<\/div>\n\t\t\t\t<\/div>","protected":false},"excerpt":{"rendered":"<p>Premium Manufacturing Components Heavy Duty Parts Producing heavy-duty injector spare parts involves specialized manufacturing processes and materials to meet the high demands of heavy machinery, construction equipment, and large diesel engines. ELKOSO, as a manufacturer, ensures that these parts offer durability, precision, and\u00a0reliability. ELKOSO takes pride in offering a comprehensive range of turbochargers, with a [&hellip;]<\/p>\n","protected":false},"author":1,"featured_media":0,"parent":0,"menu_order":0,"comment_status":"closed","ping_status":"closed","template":"elementor_header_footer","meta":{"footnotes":""},"class_list":["post-18385","page","type-page","status-publish","hentry"],"yoast_head":"<!-- This site is optimized with the Yoast SEO plugin v27.0 - https:\/\/yoast.com\/product\/yoast-seo-wordpress\/ -->\n<title>Heavy Duty Parts - ELKOSO<\/title>\n<meta name=\"robots\" content=\"index, follow, max-snippet:-1, max-image-preview:large, max-video-preview:-1\" \/>\n<link rel=\"canonical\" href=\"https:\/\/www.elkoso.tech\/es\/heavy-duty-parts\/\" \/>\n<meta property=\"og:locale\" content=\"es_ES\" \/>\n<meta property=\"og:type\" content=\"article\" \/>\n<meta property=\"og:title\" content=\"Heavy Duty Parts - ELKOSO\" \/>\n<meta property=\"og:description\" content=\"Premium Manufacturing Components Heavy Duty Parts Producing heavy-duty injector spare parts involves specialized manufacturing processes and materials to meet the high demands of heavy machinery, construction equipment, and large diesel engines. ELKOSO, as a manufacturer, ensures that these parts offer durability, precision, and\u00a0reliability. ELKOSO takes pride in offering a comprehensive range of turbochargers, with a [&hellip;]\" \/>\n<meta property=\"og:url\" content=\"https:\/\/www.elkoso.tech\/es\/heavy-duty-parts\/\" \/>\n<meta property=\"og:site_name\" content=\"ELKOSO\" \/>\n<meta property=\"article:publisher\" content=\"https:\/\/www.facebook.com\/elkosoparts\/\" \/>\n<meta property=\"og:image\" content=\"https:\/\/www.elkoso.tech\/wp-content\/uploads\/2024\/03\/2nd-paragraf.png\" \/>\n\t<meta property=\"og:image:width\" content=\"936\" \/>\n\t<meta property=\"og:image:height\" content=\"973\" \/>\n\t<meta property=\"og:image:type\" content=\"image\/png\" \/>\n<meta name=\"twitter:card\" content=\"summary_large_image\" \/>\n<meta name=\"twitter:label1\" content=\"Tiempo de lectura\" \/>\n\t<meta name=\"twitter:data1\" content=\"4 minutos\" \/>\n<script type=\"application\/ld+json\" class=\"yoast-schema-graph\">{\"@context\":\"https:\/\/schema.org\",\"@graph\":[{\"@type\":\"WebPage\",\"@id\":\"https:\/\/www.elkoso.tech\/heavy-duty-parts\/\",\"url\":\"https:\/\/www.elkoso.tech\/heavy-duty-parts\/\",\"name\":\"Heavy Duty Parts - ELKOSO\",\"isPartOf\":{\"@id\":\"https:\/\/www.elkoso.tech\/#website\"},\"primaryImageOfPage\":{\"@id\":\"https:\/\/www.elkoso.tech\/heavy-duty-parts\/#primaryimage\"},\"image\":{\"@id\":\"https:\/\/www.elkoso.tech\/heavy-duty-parts\/#primaryimage\"},\"thumbnailUrl\":\"https:\/\/www.elkoso.tech\/wp-content\/uploads\/2024\/03\/2nd-paragraf-289x300.png\",\"datePublished\":\"2025-05-10T19:13:15+00:00\",\"breadcrumb\":{\"@id\":\"https:\/\/www.elkoso.tech\/heavy-duty-parts\/#breadcrumb\"},\"inLanguage\":\"es\",\"potentialAction\":[{\"@type\":\"ReadAction\",\"target\":[\"https:\/\/www.elkoso.tech\/heavy-duty-parts\/\"]}]},{\"@type\":\"ImageObject\",\"inLanguage\":\"es\",\"@id\":\"https:\/\/www.elkoso.tech\/heavy-duty-parts\/#primaryimage\",\"url\":\"https:\/\/www.elkoso.tech\/wp-content\/uploads\/2024\/03\/2nd-paragraf-289x300.png\",\"contentUrl\":\"https:\/\/www.elkoso.tech\/wp-content\/uploads\/2024\/03\/2nd-paragraf-289x300.png\"},{\"@type\":\"BreadcrumbList\",\"@id\":\"https:\/\/www.elkoso.tech\/heavy-duty-parts\/#breadcrumb\",\"itemListElement\":[{\"@type\":\"ListItem\",\"position\":1,\"name\":\"\u0391\u03c1\u03c7\u03b9\u03ba\u03ae\",\"item\":\"https:\/\/www.elkoso.tech\/\"},{\"@type\":\"ListItem\",\"position\":2,\"name\":\"Heavy Duty Parts\"}]},{\"@type\":\"WebSite\",\"@id\":\"https:\/\/www.elkoso.tech\/#website\",\"url\":\"https:\/\/www.elkoso.tech\/\",\"name\":\"ELKOSO\",\"description\":\"At Elkoso, skilled team ensures every spare part exceeds industry standards...\",\"publisher\":{\"@id\":\"https:\/\/www.elkoso.tech\/#organization\"},\"alternateName\":\"ELKOSO\",\"potentialAction\":[{\"@type\":\"SearchAction\",\"target\":{\"@type\":\"EntryPoint\",\"urlTemplate\":\"https:\/\/www.elkoso.tech\/?s={search_term_string}\"},\"query-input\":{\"@type\":\"PropertyValueSpecification\",\"valueRequired\":true,\"valueName\":\"search_term_string\"}}],\"inLanguage\":\"es\"},{\"@type\":\"Organization\",\"@id\":\"https:\/\/www.elkoso.tech\/#organization\",\"name\":\"ELKOSO\",\"alternateName\":\"ELKOSO\",\"url\":\"https:\/\/www.elkoso.tech\/\",\"logo\":{\"@type\":\"ImageObject\",\"inLanguage\":\"es\",\"@id\":\"https:\/\/www.elkoso.tech\/#\/schema\/logo\/image\/\",\"url\":\"https:\/\/www.elkoso.tech\/wp-content\/uploads\/2024\/06\/Logo-Elkoso-1688x1688-1.png\",\"contentUrl\":\"https:\/\/www.elkoso.tech\/wp-content\/uploads\/2024\/06\/Logo-Elkoso-1688x1688-1.png\",\"width\":1688,\"height\":1688,\"caption\":\"ELKOSO\"},\"image\":{\"@id\":\"https:\/\/www.elkoso.tech\/#\/schema\/logo\/image\/\"},\"sameAs\":[\"https:\/\/www.facebook.com\/elkosoparts\/\"]}]}<\/script>\n<!-- \/ Yoast SEO plugin. -->","yoast_head_json":{"title":"Heavy Duty Parts - ELKOSO","robots":{"index":"index","follow":"follow","max-snippet":"max-snippet:-1","max-image-preview":"max-image-preview:large","max-video-preview":"max-video-preview:-1"},"canonical":"https:\/\/www.elkoso.tech\/es\/heavy-duty-parts\/","og_locale":"es_ES","og_type":"article","og_title":"Heavy Duty Parts - ELKOSO","og_description":"Premium Manufacturing Components Heavy Duty Parts Producing heavy-duty injector spare parts involves specialized manufacturing processes and materials to meet the high demands of heavy machinery, construction equipment, and large diesel engines. ELKOSO, as a manufacturer, ensures that these parts offer durability, precision, and\u00a0reliability. ELKOSO takes pride in offering a comprehensive range of turbochargers, with a [&hellip;]","og_url":"https:\/\/www.elkoso.tech\/es\/heavy-duty-parts\/","og_site_name":"ELKOSO","article_publisher":"https:\/\/www.facebook.com\/elkosoparts\/","og_image":[{"url":"https:\/\/www.elkoso.tech\/wp-content\/uploads\/2024\/03\/2nd-paragraf.png","width":936,"height":973,"type":"image\/png"}],"twitter_card":"summary_large_image","twitter_misc":{"Tiempo de lectura":"4 minutos"},"schema":{"@context":"https:\/\/schema.org","@graph":[{"@type":"WebPage","@id":"https:\/\/www.elkoso.tech\/heavy-duty-parts\/","url":"https:\/\/www.elkoso.tech\/heavy-duty-parts\/","name":"Heavy Duty Parts - ELKOSO","isPartOf":{"@id":"https:\/\/www.elkoso.tech\/#website"},"primaryImageOfPage":{"@id":"https:\/\/www.elkoso.tech\/heavy-duty-parts\/#primaryimage"},"image":{"@id":"https:\/\/www.elkoso.tech\/heavy-duty-parts\/#primaryimage"},"thumbnailUrl":"https:\/\/www.elkoso.tech\/wp-content\/uploads\/2024\/03\/2nd-paragraf-289x300.png","datePublished":"2025-05-10T19:13:15+00:00","breadcrumb":{"@id":"https:\/\/www.elkoso.tech\/heavy-duty-parts\/#breadcrumb"},"inLanguage":"es","potentialAction":[{"@type":"ReadAction","target":["https:\/\/www.elkoso.tech\/heavy-duty-parts\/"]}]},{"@type":"ImageObject","inLanguage":"es","@id":"https:\/\/www.elkoso.tech\/heavy-duty-parts\/#primaryimage","url":"https:\/\/www.elkoso.tech\/wp-content\/uploads\/2024\/03\/2nd-paragraf-289x300.png","contentUrl":"https:\/\/www.elkoso.tech\/wp-content\/uploads\/2024\/03\/2nd-paragraf-289x300.png"},{"@type":"BreadcrumbList","@id":"https:\/\/www.elkoso.tech\/heavy-duty-parts\/#breadcrumb","itemListElement":[{"@type":"ListItem","position":1,"name":"\u0391\u03c1\u03c7\u03b9\u03ba\u03ae","item":"https:\/\/www.elkoso.tech\/"},{"@type":"ListItem","position":2,"name":"Heavy Duty Parts"}]},{"@type":"WebSite","@id":"https:\/\/www.elkoso.tech\/#website","url":"https:\/\/www.elkoso.tech\/","name":"ELKOSO","description":"At Elkoso, skilled team ensures every spare part exceeds industry standards...","publisher":{"@id":"https:\/\/www.elkoso.tech\/#organization"},"alternateName":"ELKOSO","potentialAction":[{"@type":"SearchAction","target":{"@type":"EntryPoint","urlTemplate":"https:\/\/www.elkoso.tech\/?s={search_term_string}"},"query-input":{"@type":"PropertyValueSpecification","valueRequired":true,"valueName":"search_term_string"}}],"inLanguage":"es"},{"@type":"Organization","@id":"https:\/\/www.elkoso.tech\/#organization","name":"ELKOSO","alternateName":"ELKOSO","url":"https:\/\/www.elkoso.tech\/","logo":{"@type":"ImageObject","inLanguage":"es","@id":"https:\/\/www.elkoso.tech\/#\/schema\/logo\/image\/","url":"https:\/\/www.elkoso.tech\/wp-content\/uploads\/2024\/06\/Logo-Elkoso-1688x1688-1.png","contentUrl":"https:\/\/www.elkoso.tech\/wp-content\/uploads\/2024\/06\/Logo-Elkoso-1688x1688-1.png","width":1688,"height":1688,"caption":"ELKOSO"},"image":{"@id":"https:\/\/www.elkoso.tech\/#\/schema\/logo\/image\/"},"sameAs":["https:\/\/www.facebook.com\/elkosoparts\/"]}]}},"_links":{"self":[{"href":"https:\/\/www.elkoso.tech\/es\/wp-json\/wp\/v2\/pages\/18385","targetHints":{"allow":["GET"]}}],"collection":[{"href":"https:\/\/www.elkoso.tech\/es\/wp-json\/wp\/v2\/pages"}],"about":[{"href":"https:\/\/www.elkoso.tech\/es\/wp-json\/wp\/v2\/types\/page"}],"author":[{"embeddable":true,"href":"https:\/\/www.elkoso.tech\/es\/wp-json\/wp\/v2\/users\/1"}],"replies":[{"embeddable":true,"href":"https:\/\/www.elkoso.tech\/es\/wp-json\/wp\/v2\/comments?post=18385"}],"version-history":[{"count":7,"href":"https:\/\/www.elkoso.tech\/es\/wp-json\/wp\/v2\/pages\/18385\/revisions"}],"predecessor-version":[{"id":18392,"href":"https:\/\/www.elkoso.tech\/es\/wp-json\/wp\/v2\/pages\/18385\/revisions\/18392"}],"wp:attachment":[{"href":"https:\/\/www.elkoso.tech\/es\/wp-json\/wp\/v2\/media?parent=18385"}],"curies":[{"name":"wp","href":"https:\/\/api.w.org\/{rel}","templated":true}]}}