{"id":8836,"date":"2024-08-07T09:01:28","date_gmt":"2024-08-07T06:01:28","guid":{"rendered":"https:\/\/www.elkoso.tech\/?page_id=8836"},"modified":"2025-09-28T17:10:25","modified_gmt":"2025-09-28T14:10:25","slug":"pump-shafts","status":"publish","type":"page","link":"https:\/\/www.elkoso.tech\/es\/pump-shafts\/","title":{"rendered":"Ejes de bomba"},"content":{"rendered":"<div data-elementor-type=\"wp-page\" data-elementor-id=\"8836\" class=\"elementor elementor-8836\" data-elementor-post-type=\"page\">\n\t\t\t\t<div class=\"elementor-element elementor-element-d05a631 e-flex e-con-boxed e-con e-parent\" data-id=\"d05a631\" data-element_type=\"container\">\r\n\t\t\t\t\t<div class=\"e-con-inner\">\r\n\t\t\t\t<div class=\"elementor-element elementor-element-3e4b142 elementor-widget elementor-widget-shortcode\" data-id=\"3e4b142\" data-element_type=\"widget\" data-widget_type=\"shortcode.default\">\n\t\t\t\t<div class=\"elementor-widget-container\">\n\t\t\t\t\t\t\t<div class=\"elementor-shortcode\"><\/div>\n\t\t\t\t\t\t<\/div>\n\t\t\t\t<\/div>\n\t\t\t\t\t<\/div>\n\t\t\t\t<\/div>\n\t\t<div class=\"elementor-element elementor-element-686b09d e-flex e-con-boxed e-con e-parent\" data-id=\"686b09d\" data-element_type=\"container\">\r\n\t\t\t\t\t<div class=\"e-con-inner\">\r\n\t\t\t\t<div class=\"elementor-element elementor-element-f357f62 elementor-widget elementor-widget-heading\" data-id=\"f357f62\" data-element_type=\"widget\" data-widget_type=\"heading.default\">\n\t\t\t\t<div class=\"elementor-widget-container\">\n\t\t\t\t\t<div class=\"elementor-heading-title elementor-size-default\">Componentes de fabricaci\u00f3n premium<\/div>\t\t\t\t<\/div>\n\t\t\t\t<\/div>\n\t\t\t\t<div class=\"elementor-element elementor-element-165fe90 elementor-widget elementor-widget-heading\" data-id=\"165fe90\" data-element_type=\"widget\" data-widget_type=\"heading.default\">\n\t\t\t\t<div class=\"elementor-widget-container\">\n\t\t\t\t\t<div class=\"elementor-heading-title elementor-size-default\">Ejes de bomba CR<\/div>\t\t\t\t<\/div>\n\t\t\t\t<\/div>\n\t\t\t\t<div class=\"elementor-element elementor-element-1fb5290 elementor-absolute e-transform elementor-widget__width-inherit e-transform elementor-hidden-mobile elementor-widget elementor-widget-image\" data-id=\"1fb5290\" data-element_type=\"widget\" data-settings=\"{&quot;_position&quot;:&quot;absolute&quot;,&quot;_transform_rotateZ_effect&quot;:{&quot;unit&quot;:&quot;px&quot;,&quot;size&quot;:-13,&quot;sizes&quot;:[]},&quot;_transform_rotateZ_effect_laptop&quot;:{&quot;unit&quot;:&quot;deg&quot;,&quot;size&quot;:&quot;&quot;,&quot;sizes&quot;:[]},&quot;_transform_rotateZ_effect_tablet_extra&quot;:{&quot;unit&quot;:&quot;deg&quot;,&quot;size&quot;:&quot;&quot;,&quot;sizes&quot;:[]},&quot;_transform_rotateZ_effect_tablet&quot;:{&quot;unit&quot;:&quot;deg&quot;,&quot;size&quot;:&quot;&quot;,&quot;sizes&quot;:[]},&quot;_transform_rotateZ_effect_mobile&quot;:{&quot;unit&quot;:&quot;deg&quot;,&quot;size&quot;:&quot;&quot;,&quot;sizes&quot;:[]},&quot;_transform_scale_effect&quot;:{&quot;unit&quot;:&quot;px&quot;,&quot;size&quot;:&quot;&quot;,&quot;sizes&quot;:[]},&quot;_transform_scale_effect_laptop&quot;:{&quot;unit&quot;:&quot;px&quot;,&quot;size&quot;:&quot;&quot;,&quot;sizes&quot;:[]},&quot;_transform_scale_effect_tablet_extra&quot;:{&quot;unit&quot;:&quot;px&quot;,&quot;size&quot;:&quot;&quot;,&quot;sizes&quot;:[]},&quot;_transform_scale_effect_tablet&quot;:{&quot;unit&quot;:&quot;px&quot;,&quot;size&quot;:&quot;&quot;,&quot;sizes&quot;:[]},&quot;_transform_scale_effect_mobile&quot;:{&quot;unit&quot;:&quot;px&quot;,&quot;size&quot;:&quot;&quot;,&quot;sizes&quot;:[]}}\" data-widget_type=\"image.default\">\n\t\t\t\t<div class=\"elementor-widget-container\">\n\t\t\t\t\t\t\t\t\t\t\t\t\t\t\t<img fetchpriority=\"high\" decoding=\"async\" width=\"289\" height=\"300\" src=\"https:\/\/www.elkoso.tech\/wp-content\/uploads\/2024\/03\/2nd-paragraf-289x300.png\" class=\"attachment-medium size-medium wp-image-1691\" alt=\"ELKOSO background\" \/>\t\t\t\t\t\t\t\t\t\t\t\t\t\t\t<\/div>\n\t\t\t\t<\/div>\n\t\t\t\t<div class=\"elementor-element elementor-element-00a2d41 elementor-widget elementor-widget-text-editor\" data-id=\"00a2d41\" data-element_type=\"widget\" data-widget_type=\"text-editor.default\">\n\t\t\t\t<div class=\"elementor-widget-container\">\n\t\t\t\t\t\t\t\t\tEn ELKOSO estamos orgullosos de nuestro compromiso inquebrantable con la fabricaci\u00f3n de ejes de bombas de la m\u00e1s alta calidad.\n<br>Our pump shafts are crafted from carefully selected, top-grade materials, ensuring superior strength, durability, and resistance to corrosion.\n<br>Our team of skilled engineers employs cutting-edge design principles to create pump shafts that optimize performance,<br>taking into account precise specifications and operating conditions.\n<br>Our commitment to quality is unwavering, with comprehensive quality control measures at every stage of production.\n<br>Non-destructive testing methods are employed to identify and eliminate any potential defects.\t\t\t\t\t\t\t\t<\/div>\n\t\t\t\t<\/div>\n\t\t\t\t\t<\/div>\n\t\t\t\t<\/div>\n\t\t<div class=\"elementor-element elementor-element-99e22dc e-con-full e-flex e-con e-parent\" data-id=\"99e22dc\" data-element_type=\"container\">\r\n\t\t<div class=\"elementor-element elementor-element-d4ea58d e-con-full e-flex e-con e-child\" data-id=\"d4ea58d\" data-element_type=\"container\" id=\"div-tou-proiontos-tou-pump-shafts\" data-settings=\"{&quot;background_background&quot;:&quot;gradient&quot;}\">\r\n\t\t\t\t<div class=\"elementor-element elementor-element-4b0203c elementor-widget__width-initial elementor-widget elementor-widget-image\" data-id=\"4b0203c\" data-element_type=\"widget\" data-widget_type=\"image.default\">\n\t\t\t\t<div class=\"elementor-widget-container\">\n\t\t\t\t\t\t\t\t\t\t\t\t\t\t\t<img decoding=\"async\" width=\"130\" height=\"150\" src=\"https:\/\/www.elkoso.tech\/wp-content\/uploads\/2024\/07\/xeri_pou_prosferi_autokinito-removebg.png\" class=\"attachment-thumbnail size-thumbnail wp-image-3844\" alt=\"\" \/>\t\t\t\t\t\t\t\t\t\t\t\t\t\t\t<\/div>\n\t\t\t\t<\/div>\n\t\t\t\t<div class=\"elementor-element elementor-element-f9c0ebf e-transform elementor-widget elementor-widget-image\" data-id=\"f9c0ebf\" data-element_type=\"widget\" data-settings=\"{&quot;_transform_translateY_effect&quot;:{&quot;unit&quot;:&quot;px&quot;,&quot;size&quot;:-60,&quot;sizes&quot;:[]},&quot;_transform_translateX_effect_mobile&quot;:{&quot;unit&quot;:&quot;px&quot;,&quot;size&quot;:0,&quot;sizes&quot;:[]},&quot;_transform_translateX_effect&quot;:{&quot;unit&quot;:&quot;px&quot;,&quot;size&quot;:&quot;&quot;,&quot;sizes&quot;:[]},&quot;_transform_translateX_effect_laptop&quot;:{&quot;unit&quot;:&quot;px&quot;,&quot;size&quot;:&quot;&quot;,&quot;sizes&quot;:[]},&quot;_transform_translateX_effect_tablet_extra&quot;:{&quot;unit&quot;:&quot;px&quot;,&quot;size&quot;:&quot;&quot;,&quot;sizes&quot;:[]},&quot;_transform_translateX_effect_tablet&quot;:{&quot;unit&quot;:&quot;px&quot;,&quot;size&quot;:&quot;&quot;,&quot;sizes&quot;:[]},&quot;_transform_translateY_effect_laptop&quot;:{&quot;unit&quot;:&quot;px&quot;,&quot;size&quot;:&quot;&quot;,&quot;sizes&quot;:[]},&quot;_transform_translateY_effect_tablet_extra&quot;:{&quot;unit&quot;:&quot;px&quot;,&quot;size&quot;:&quot;&quot;,&quot;sizes&quot;:[]},&quot;_transform_translateY_effect_tablet&quot;:{&quot;unit&quot;:&quot;px&quot;,&quot;size&quot;:&quot;&quot;,&quot;sizes&quot;:[]},&quot;_transform_translateY_effect_mobile&quot;:{&quot;unit&quot;:&quot;px&quot;,&quot;size&quot;:&quot;&quot;,&quot;sizes&quot;:[]}}\" data-widget_type=\"image.default\">\n\t\t\t\t<div class=\"elementor-widget-container\">\n\t\t\t\t\t\t\t\t\t\t\t\t\t\t\t<img decoding=\"async\" width=\"300\" height=\"300\" src=\"https:\/\/www.elkoso.tech\/wp-content\/uploads\/2024\/03\/small_shaft-300x300.png\" class=\"attachment-medium size-medium wp-image-1618\" alt=\"ELKOSO small_shaft\" \/>\t\t\t\t\t\t\t\t\t\t\t\t\t\t\t<\/div>\n\t\t\t\t<\/div>\n\t\t\t\t<div class=\"elementor-element elementor-element-dc4caf2 keimeno-tou-proiontos-tou-pump-shafts elementor-widget elementor-widget-text-editor\" data-id=\"dc4caf2\" data-element_type=\"widget\" data-widget_type=\"text-editor.default\">\n\t\t\t\t<div class=\"elementor-widget-container\">\n\t\t\t\t\t\t\t\t\t<p><span style=\"color: #000000;\">En ELKOSO nos enorgullecemos de nuestro <\/span><span style=\"color: #000000;\">compromiso inquebrantable con la fabricaci\u00f3n <\/span><span style=\"color: #000000;\">Ejes de bomba de la m\u00e1s alta calidad. Nuestros <\/span><span style=\"color: #000000;\">Los ejes de las bombas est\u00e1n fabricados con cuidado <\/span><span style=\"color: #000000;\">Materiales seleccionados de primera calidad, garantizando <\/span><span style=\"color: #000000;\">superior strength, durability, and <\/span><span style=\"color: #000000;\">resistance to corrosion.<\/span><\/p>\t\t\t\t\t\t\t\t<\/div>\n\t\t\t\t<\/div>\n\t\t\t\t<\/div>\n\t\t<div class=\"elementor-element elementor-element-e49d297 e-con-full e-flex e-con e-child\" data-id=\"e49d297\" data-element_type=\"container\" id=\"div-tou-tab-tou-pump-shafts\">\r\n\t\t\t\t<div class=\"elementor-element elementor-element-3342dde elementor-tabs-view-horizontal elementor-widget elementor-widget-tabs\" data-id=\"3342dde\" data-element_type=\"widget\" data-widget_type=\"tabs.default\">\n\t\t\t\t<div class=\"elementor-widget-container\">\n\t\t\t\t\t\t\t<div class=\"elementor-tabs\">\n\t\t\t<div class=\"elementor-tabs-wrapper\" role=\"tablist\" >\n\t\t\t\t\t\t\t\t\t<div id=\"elementor-tab-title-5371\" class=\"elementor-tab-title elementor-tab-desktop-title\" aria-selected=\"true\" data-tab=\"1\" role=\"tab\" tabindex=\"0\" aria-controls=\"elementor-tab-content-5371\" aria-expanded=\"false\">Informaci\u00f3n t\u00e9cnica <\/div>\n\t\t\t\t\t\t\t\t\t<div id=\"elementor-tab-title-5372\" class=\"elementor-tab-title elementor-tab-desktop-title\" aria-selected=\"false\" data-tab=\"2\" role=\"tab\" tabindex=\"-1\" aria-controls=\"elementor-tab-content-5372\" aria-expanded=\"false\">Informaci\u00f3n adicional<\/div>\n\t\t\t\t\t\t\t<\/div>\n\t\t\t<div class=\"elementor-tabs-content-wrapper\" role=\"tablist\" aria-orientation=\"vertical\">\n\t\t\t\t\t\t\t\t\t<div class=\"elementor-tab-title elementor-tab-mobile-title\" aria-selected=\"true\" data-tab=\"1\" role=\"tab\" tabindex=\"0\" aria-controls=\"elementor-tab-content-5371\" aria-expanded=\"false\">Informaci\u00f3n t\u00e9cnica <\/div>\n\t\t\t\t\t<div id=\"elementor-tab-content-5371\" class=\"elementor-tab-content elementor-clearfix\" data-tab=\"1\" role=\"tabpanel\" aria-labelledby=\"elementor-tab-title-5371\" tabindex=\"0\" hidden=\"false\"><p><span style=\"position: relative; top: 10px; font-size: 19px; color: #000000;\"><strong>Ejes de bomba CR<\/strong><\/span><\/p><p><strong>Especificaciones t\u00e9cnicas<\/strong><\/p><ol><li><strong>Dimensiones y tolerancias:<\/strong><ul><li><strong>Di\u00e1metro y longitud: <\/strong>Las dimensiones exactas var\u00edan seg\u00fan el motor espec\u00edfico y el dise\u00f1o de la bomba, pero normalmente var\u00edan desde unos pocos mil\u00edmetros hasta varios cent\u00edmetros de di\u00e1metro.<\/li><li><strong>Tolerancias: <\/strong>Las tolerancias dimensionales estrictas (en el rango de micr\u00f3metros) son cruciales para el funcionamiento correcto y el ajuste dentro del conjunto de la bomba.<\/li><\/ul><\/li><li><strong>Requisitos de desempe\u00f1o:<\/strong><ul><li><strong>Resistencia y durabilidad: <\/strong>El eje debe soportar altas cargas c\u00edclicas y presiones t\u00edpicas de los sistemas common rail.<\/li><li><strong>Resistencia a la corrosi\u00f3n: <\/strong>Los materiales y tratamientos de superficie deben resistir la corrosi\u00f3n provocada por el combustible y la exposici\u00f3n al medio ambiente.<\/li><li><strong>Precisi\u00f3n: <\/strong>Es necesaria una alta precisi\u00f3n en la geometr\u00eda del eje para garantizar una interacci\u00f3n adecuada con otros componentes de la bomba y un suministro constante de combustible.<\/li><\/ul><\/li><\/ol><p><strong>Control de calidad y pruebas<\/strong><\/p><ol><li><strong>Ensayos no destructivos (END):<\/strong><ul><li>Prueba ultras\u00f3nica: se utiliza para detectar fallas internas o inconsistencias en el material.<\/li><li><strong>Inspecci\u00f3n de part\u00edculas magn\u00e9ticas: <\/strong>Ayuda a identificar defectos superficiales y cercanos a la superficie.<\/li><\/ul><\/li><li><strong>Inspecci\u00f3n dimensional:<\/strong><ul><li>M\u00e1quinas de medici\u00f3n por coordenadas (CMM): se utilizan para la medici\u00f3n precisa de dimensiones y geometr\u00edas.<\/li><li><strong>Prueba de rugosidad superficial: <\/strong>Ensures the surface finish meets specifications.<\/li><\/ul><\/li><li><strong>Pruebas de rendimiento:<\/strong><ul><li><strong>Prueba de fatiga: <\/strong>Eval\u00faa la durabilidad bajo condiciones de carga c\u00edclica.<\/li><li><strong>Pruebas de presi\u00f3n: <\/strong>Verifica que el eje pueda soportar las presiones operativas sin deformarse ni fallarse.<\/li><\/ul><\/li><\/ol><p>Al combinar materiales de alta calidad, procesos de fabricaci\u00f3n avanzados y pruebas rigurosas, ELKOSO garantiza que sus ejes de bomba de riel com\u00fan cumplan con los exigentes requisitos de los motores di\u00e9sel modernos.<\/p><p><img loading=\"lazy\" decoding=\"async\" class=\"alignright move-up\" src=\"https:\/\/www.elkoso.tech\/wp-content\/uploads\/2024\/07\/tria-autokimita-panoramiki-skitso.png\" alt=\"Tria autokinita skitso\" width=\"100\" height=\"100\" \/><\/p><\/div>\n\t\t\t\t\t\t\t\t\t<div class=\"elementor-tab-title elementor-tab-mobile-title\" aria-selected=\"false\" data-tab=\"2\" role=\"tab\" tabindex=\"-1\" aria-controls=\"elementor-tab-content-5372\" aria-expanded=\"false\">Informaci\u00f3n adicional<\/div>\n\t\t\t\t\t<div id=\"elementor-tab-content-5372\" class=\"elementor-tab-content elementor-clearfix\" data-tab=\"2\" role=\"tabpanel\" aria-labelledby=\"elementor-tab-title-5372\" tabindex=\"0\" hidden=\"hidden\"><p><a href=\"https:\/\/www.elkoso.tech\/wp-content\/uploads\/2025\/04\/Elkoso-Catalogue-Shaft-2025-v1.2_new.pdf\" target=\"_blank\" rel=\"noopener\"><img loading=\"lazy\" decoding=\"async\" class=\"alignnone wp-image-7726\" src=\"https:\/\/www.elkoso.tech\/wp-content\/uploads\/2024\/07\/\u0395\u03b9\u03ba\u03bf\u03bd\u03af\u03b4\u03b9\u03bf_PDF-removebg.png\" alt=\"\" width=\"62\" height=\"62\" \/><\/a><a href=\"https:\/\/www.elkoso.tech\/wp-content\/uploads\/2025\/04\/Elkoso-Catalogue-Shaft-2025-v1.2_new.pdf\" target=\"_blank\" rel=\"noopener\">Ejes de bomba CR<\/a><\/p><\/div>\n\t\t\t\t\t\t\t<\/div>\n\t\t<\/div>\n\t\t\t\t\t\t<\/div>\n\t\t\t\t<\/div>\n\t\t\t\t<\/div>\n\t\t\t\t<\/div>\n\t\t<div class=\"elementor-element elementor-element-4e85500 e-flex e-con-boxed e-con e-parent\" data-id=\"4e85500\" data-element_type=\"container\">\r\n\t\t\t\t\t<div class=\"e-con-inner\">\r\n\t\t\t\t<div class=\"elementor-element elementor-element-3c15ed8 elementor-widget elementor-widget-spacer\" data-id=\"3c15ed8\" data-element_type=\"widget\" data-widget_type=\"spacer.default\">\n\t\t\t\t<div class=\"elementor-widget-container\">\n\t\t\t\t\t\t\t<div class=\"elementor-spacer\">\n\t\t\t<div class=\"elementor-spacer-inner\"><\/div>\n\t\t<\/div>\n\t\t\t\t\t\t<\/div>\n\t\t\t\t<\/div>\n\t\t\t\t\t<\/div>\n\t\t\t\t<\/div>\n\t\t\t\t<\/div>","protected":false},"excerpt":{"rendered":"<p>Premium Manufacturing Components CR Pump Shafts At ELKOSO we take pride in our unwavering commitment to manufacturing pump shafts of the highest quality. Our pump shafts are crafted from carefully selected, top-grade materials, ensuring superior strength, durability, and resistance to corrosion. Our team of skilled engineers employs cutting-edge design principles to create pump shafts that [&hellip;]<\/p>\n","protected":false},"author":1,"featured_media":0,"parent":0,"menu_order":0,"comment_status":"closed","ping_status":"closed","template":"elementor_header_footer","meta":{"footnotes":""},"class_list":["post-8836","page","type-page","status-publish","hentry"],"yoast_head":"<!-- This site is optimized with the Yoast SEO plugin v27.0 - https:\/\/yoast.com\/product\/yoast-seo-wordpress\/ -->\n<title>Pump Shafts - ELKOSO<\/title>\n<meta name=\"robots\" content=\"index, follow, max-snippet:-1, max-image-preview:large, max-video-preview:-1\" \/>\n<link rel=\"canonical\" href=\"https:\/\/www.elkoso.tech\/es\/pump-shafts\/\" \/>\n<meta property=\"og:locale\" content=\"es_ES\" \/>\n<meta property=\"og:type\" content=\"article\" \/>\n<meta property=\"og:title\" content=\"Pump Shafts - ELKOSO\" \/>\n<meta property=\"og:description\" content=\"Premium Manufacturing Components CR Pump Shafts At ELKOSO we take pride in our unwavering commitment to manufacturing pump shafts of the highest quality. Our pump shafts are crafted from carefully selected, top-grade materials, ensuring superior strength, durability, and resistance to corrosion. Our team of skilled engineers employs cutting-edge design principles to create pump shafts that [&hellip;]\" \/>\n<meta property=\"og:url\" content=\"https:\/\/www.elkoso.tech\/es\/pump-shafts\/\" \/>\n<meta property=\"og:site_name\" content=\"ELKOSO\" \/>\n<meta property=\"article:publisher\" content=\"https:\/\/www.facebook.com\/elkosoparts\/\" \/>\n<meta property=\"article:modified_time\" content=\"2025-09-28T14:10:25+00:00\" \/>\n<meta property=\"og:image\" content=\"https:\/\/www.elkoso.tech\/wp-content\/uploads\/2024\/03\/2nd-paragraf.png\" \/>\n\t<meta property=\"og:image:width\" content=\"936\" \/>\n\t<meta property=\"og:image:height\" content=\"973\" \/>\n\t<meta property=\"og:image:type\" content=\"image\/png\" \/>\n<meta name=\"twitter:card\" content=\"summary_large_image\" \/>\n<meta name=\"twitter:label1\" content=\"Tiempo de lectura\" \/>\n\t<meta name=\"twitter:data1\" content=\"3 minutos\" \/>\n<script type=\"application\/ld+json\" class=\"yoast-schema-graph\">{\"@context\":\"https:\/\/schema.org\",\"@graph\":[{\"@type\":\"WebPage\",\"@id\":\"https:\/\/www.elkoso.tech\/pump-shafts\/\",\"url\":\"https:\/\/www.elkoso.tech\/pump-shafts\/\",\"name\":\"Pump Shafts - ELKOSO\",\"isPartOf\":{\"@id\":\"https:\/\/www.elkoso.tech\/#website\"},\"primaryImageOfPage\":{\"@id\":\"https:\/\/www.elkoso.tech\/pump-shafts\/#primaryimage\"},\"image\":{\"@id\":\"https:\/\/www.elkoso.tech\/pump-shafts\/#primaryimage\"},\"thumbnailUrl\":\"https:\/\/www.elkoso.tech\/wp-content\/uploads\/2024\/03\/2nd-paragraf-289x300.png\",\"datePublished\":\"2024-08-07T06:01:28+00:00\",\"dateModified\":\"2025-09-28T14:10:25+00:00\",\"breadcrumb\":{\"@id\":\"https:\/\/www.elkoso.tech\/pump-shafts\/#breadcrumb\"},\"inLanguage\":\"es\",\"potentialAction\":[{\"@type\":\"ReadAction\",\"target\":[\"https:\/\/www.elkoso.tech\/pump-shafts\/\"]}]},{\"@type\":\"ImageObject\",\"inLanguage\":\"es\",\"@id\":\"https:\/\/www.elkoso.tech\/pump-shafts\/#primaryimage\",\"url\":\"https:\/\/www.elkoso.tech\/wp-content\/uploads\/2024\/03\/2nd-paragraf-289x300.png\",\"contentUrl\":\"https:\/\/www.elkoso.tech\/wp-content\/uploads\/2024\/03\/2nd-paragraf-289x300.png\"},{\"@type\":\"BreadcrumbList\",\"@id\":\"https:\/\/www.elkoso.tech\/pump-shafts\/#breadcrumb\",\"itemListElement\":[{\"@type\":\"ListItem\",\"position\":1,\"name\":\"\u0391\u03c1\u03c7\u03b9\u03ba\u03ae\",\"item\":\"https:\/\/www.elkoso.tech\/\"},{\"@type\":\"ListItem\",\"position\":2,\"name\":\"Pump Shafts\"}]},{\"@type\":\"WebSite\",\"@id\":\"https:\/\/www.elkoso.tech\/#website\",\"url\":\"https:\/\/www.elkoso.tech\/\",\"name\":\"ELKOSO\",\"description\":\"At Elkoso, skilled team ensures every spare part exceeds industry standards...\",\"publisher\":{\"@id\":\"https:\/\/www.elkoso.tech\/#organization\"},\"alternateName\":\"ELKOSO\",\"potentialAction\":[{\"@type\":\"SearchAction\",\"target\":{\"@type\":\"EntryPoint\",\"urlTemplate\":\"https:\/\/www.elkoso.tech\/?s={search_term_string}\"},\"query-input\":{\"@type\":\"PropertyValueSpecification\",\"valueRequired\":true,\"valueName\":\"search_term_string\"}}],\"inLanguage\":\"es\"},{\"@type\":\"Organization\",\"@id\":\"https:\/\/www.elkoso.tech\/#organization\",\"name\":\"ELKOSO\",\"alternateName\":\"ELKOSO\",\"url\":\"https:\/\/www.elkoso.tech\/\",\"logo\":{\"@type\":\"ImageObject\",\"inLanguage\":\"es\",\"@id\":\"https:\/\/www.elkoso.tech\/#\/schema\/logo\/image\/\",\"url\":\"https:\/\/www.elkoso.tech\/wp-content\/uploads\/2024\/06\/Logo-Elkoso-1688x1688-1.png\",\"contentUrl\":\"https:\/\/www.elkoso.tech\/wp-content\/uploads\/2024\/06\/Logo-Elkoso-1688x1688-1.png\",\"width\":1688,\"height\":1688,\"caption\":\"ELKOSO\"},\"image\":{\"@id\":\"https:\/\/www.elkoso.tech\/#\/schema\/logo\/image\/\"},\"sameAs\":[\"https:\/\/www.facebook.com\/elkosoparts\/\"]}]}<\/script>\n<!-- \/ Yoast SEO plugin. -->","yoast_head_json":{"title":"Pump Shafts - ELKOSO","robots":{"index":"index","follow":"follow","max-snippet":"max-snippet:-1","max-image-preview":"max-image-preview:large","max-video-preview":"max-video-preview:-1"},"canonical":"https:\/\/www.elkoso.tech\/es\/pump-shafts\/","og_locale":"es_ES","og_type":"article","og_title":"Pump Shafts - ELKOSO","og_description":"Premium Manufacturing Components CR Pump Shafts At ELKOSO we take pride in our unwavering commitment to manufacturing pump shafts of the highest quality. Our pump shafts are crafted from carefully selected, top-grade materials, ensuring superior strength, durability, and resistance to corrosion. Our team of skilled engineers employs cutting-edge design principles to create pump shafts that [&hellip;]","og_url":"https:\/\/www.elkoso.tech\/es\/pump-shafts\/","og_site_name":"ELKOSO","article_publisher":"https:\/\/www.facebook.com\/elkosoparts\/","article_modified_time":"2025-09-28T14:10:25+00:00","og_image":[{"url":"https:\/\/www.elkoso.tech\/wp-content\/uploads\/2024\/03\/2nd-paragraf.png","width":936,"height":973,"type":"image\/png"}],"twitter_card":"summary_large_image","twitter_misc":{"Tiempo de lectura":"3 minutos"},"schema":{"@context":"https:\/\/schema.org","@graph":[{"@type":"WebPage","@id":"https:\/\/www.elkoso.tech\/pump-shafts\/","url":"https:\/\/www.elkoso.tech\/pump-shafts\/","name":"Pump Shafts - ELKOSO","isPartOf":{"@id":"https:\/\/www.elkoso.tech\/#website"},"primaryImageOfPage":{"@id":"https:\/\/www.elkoso.tech\/pump-shafts\/#primaryimage"},"image":{"@id":"https:\/\/www.elkoso.tech\/pump-shafts\/#primaryimage"},"thumbnailUrl":"https:\/\/www.elkoso.tech\/wp-content\/uploads\/2024\/03\/2nd-paragraf-289x300.png","datePublished":"2024-08-07T06:01:28+00:00","dateModified":"2025-09-28T14:10:25+00:00","breadcrumb":{"@id":"https:\/\/www.elkoso.tech\/pump-shafts\/#breadcrumb"},"inLanguage":"es","potentialAction":[{"@type":"ReadAction","target":["https:\/\/www.elkoso.tech\/pump-shafts\/"]}]},{"@type":"ImageObject","inLanguage":"es","@id":"https:\/\/www.elkoso.tech\/pump-shafts\/#primaryimage","url":"https:\/\/www.elkoso.tech\/wp-content\/uploads\/2024\/03\/2nd-paragraf-289x300.png","contentUrl":"https:\/\/www.elkoso.tech\/wp-content\/uploads\/2024\/03\/2nd-paragraf-289x300.png"},{"@type":"BreadcrumbList","@id":"https:\/\/www.elkoso.tech\/pump-shafts\/#breadcrumb","itemListElement":[{"@type":"ListItem","position":1,"name":"\u0391\u03c1\u03c7\u03b9\u03ba\u03ae","item":"https:\/\/www.elkoso.tech\/"},{"@type":"ListItem","position":2,"name":"Pump Shafts"}]},{"@type":"WebSite","@id":"https:\/\/www.elkoso.tech\/#website","url":"https:\/\/www.elkoso.tech\/","name":"ELKOSO","description":"At Elkoso, skilled team ensures every spare part exceeds industry standards...","publisher":{"@id":"https:\/\/www.elkoso.tech\/#organization"},"alternateName":"ELKOSO","potentialAction":[{"@type":"SearchAction","target":{"@type":"EntryPoint","urlTemplate":"https:\/\/www.elkoso.tech\/?s={search_term_string}"},"query-input":{"@type":"PropertyValueSpecification","valueRequired":true,"valueName":"search_term_string"}}],"inLanguage":"es"},{"@type":"Organization","@id":"https:\/\/www.elkoso.tech\/#organization","name":"ELKOSO","alternateName":"ELKOSO","url":"https:\/\/www.elkoso.tech\/","logo":{"@type":"ImageObject","inLanguage":"es","@id":"https:\/\/www.elkoso.tech\/#\/schema\/logo\/image\/","url":"https:\/\/www.elkoso.tech\/wp-content\/uploads\/2024\/06\/Logo-Elkoso-1688x1688-1.png","contentUrl":"https:\/\/www.elkoso.tech\/wp-content\/uploads\/2024\/06\/Logo-Elkoso-1688x1688-1.png","width":1688,"height":1688,"caption":"ELKOSO"},"image":{"@id":"https:\/\/www.elkoso.tech\/#\/schema\/logo\/image\/"},"sameAs":["https:\/\/www.facebook.com\/elkosoparts\/"]}]}},"_links":{"self":[{"href":"https:\/\/www.elkoso.tech\/es\/wp-json\/wp\/v2\/pages\/8836","targetHints":{"allow":["GET"]}}],"collection":[{"href":"https:\/\/www.elkoso.tech\/es\/wp-json\/wp\/v2\/pages"}],"about":[{"href":"https:\/\/www.elkoso.tech\/es\/wp-json\/wp\/v2\/types\/page"}],"author":[{"embeddable":true,"href":"https:\/\/www.elkoso.tech\/es\/wp-json\/wp\/v2\/users\/1"}],"replies":[{"embeddable":true,"href":"https:\/\/www.elkoso.tech\/es\/wp-json\/wp\/v2\/comments?post=8836"}],"version-history":[{"count":57,"href":"https:\/\/www.elkoso.tech\/es\/wp-json\/wp\/v2\/pages\/8836\/revisions"}],"predecessor-version":[{"id":22421,"href":"https:\/\/www.elkoso.tech\/es\/wp-json\/wp\/v2\/pages\/8836\/revisions\/22421"}],"wp:attachment":[{"href":"https:\/\/www.elkoso.tech\/es\/wp-json\/wp\/v2\/media?parent=8836"}],"curies":[{"name":"wp","href":"https:\/\/api.w.org\/{rel}","templated":true}]}}