{"id":8925,"date":"2024-08-21T13:24:29","date_gmt":"2024-08-21T10:24:29","guid":{"rendered":"https:\/\/www.elkoso.tech\/?page_id=8925"},"modified":"2025-09-28T17:13:42","modified_gmt":"2025-09-28T14:13:42","slug":"cr-injectors","status":"publish","type":"page","link":"https:\/\/www.elkoso.tech\/es\/cr-injectors\/","title":{"rendered":"Inyectores CR"},"content":{"rendered":"<div data-elementor-type=\"wp-page\" data-elementor-id=\"8925\" class=\"elementor elementor-8925\" data-elementor-post-type=\"page\">\n\t\t\t\t<div class=\"elementor-element elementor-element-d05a631 e-flex e-con-boxed e-con e-parent\" data-id=\"d05a631\" data-element_type=\"container\">\r\n\t\t\t\t\t<div class=\"e-con-inner\">\r\n\t\t\t\t<div class=\"elementor-element elementor-element-3e4b142 elementor-widget elementor-widget-shortcode\" data-id=\"3e4b142\" data-element_type=\"widget\" data-widget_type=\"shortcode.default\">\n\t\t\t\t<div class=\"elementor-widget-container\">\n\t\t\t\t\t\t\t<div class=\"elementor-shortcode\"><\/div>\n\t\t\t\t\t\t<\/div>\n\t\t\t\t<\/div>\n\t\t\t\t\t<\/div>\n\t\t\t\t<\/div>\n\t\t<div class=\"elementor-element elementor-element-686b09d e-flex e-con-boxed e-con e-parent\" data-id=\"686b09d\" data-element_type=\"container\">\r\n\t\t\t\t\t<div class=\"e-con-inner\">\r\n\t\t\t\t<div class=\"elementor-element elementor-element-f357f62 elementor-widget elementor-widget-heading\" data-id=\"f357f62\" data-element_type=\"widget\" data-widget_type=\"heading.default\">\n\t\t\t\t<div class=\"elementor-widget-container\">\n\t\t\t\t\t<div class=\"elementor-heading-title elementor-size-default\">Componentes de fabricaci\u00f3n premium<\/div>\t\t\t\t<\/div>\n\t\t\t\t<\/div>\n\t\t\t\t<div class=\"elementor-element elementor-element-165fe90 elementor-widget elementor-widget-heading\" data-id=\"165fe90\" data-element_type=\"widget\" data-widget_type=\"heading.default\">\n\t\t\t\t<div class=\"elementor-widget-container\">\n\t\t\t\t\t<div class=\"elementor-heading-title elementor-size-default\">Inyectores CR<\/div>\t\t\t\t<\/div>\n\t\t\t\t<\/div>\n\t\t\t\t<div class=\"elementor-element elementor-element-1fb5290 elementor-absolute e-transform elementor-hidden-mobile elementor-widget elementor-widget-image\" data-id=\"1fb5290\" data-element_type=\"widget\" id=\"eikona_background_fuel_supply_parts\" data-settings=\"{&quot;_position&quot;:&quot;absolute&quot;,&quot;_transform_rotateZ_effect&quot;:{&quot;unit&quot;:&quot;px&quot;,&quot;size&quot;:-13,&quot;sizes&quot;:[]},&quot;_transform_rotateZ_effect_laptop&quot;:{&quot;unit&quot;:&quot;deg&quot;,&quot;size&quot;:&quot;&quot;,&quot;sizes&quot;:[]},&quot;_transform_rotateZ_effect_tablet_extra&quot;:{&quot;unit&quot;:&quot;deg&quot;,&quot;size&quot;:&quot;&quot;,&quot;sizes&quot;:[]},&quot;_transform_rotateZ_effect_tablet&quot;:{&quot;unit&quot;:&quot;deg&quot;,&quot;size&quot;:&quot;&quot;,&quot;sizes&quot;:[]},&quot;_transform_rotateZ_effect_mobile&quot;:{&quot;unit&quot;:&quot;deg&quot;,&quot;size&quot;:&quot;&quot;,&quot;sizes&quot;:[]}}\" data-widget_type=\"image.default\">\n\t\t\t\t<div class=\"elementor-widget-container\">\n\t\t\t\t\t\t\t\t\t\t\t\t\t\t\t<img fetchpriority=\"high\" decoding=\"async\" width=\"289\" height=\"300\" src=\"https:\/\/www.elkoso.tech\/wp-content\/uploads\/2024\/03\/2nd-paragraf-289x300.png\" class=\"attachment-medium size-medium wp-image-1691\" alt=\"ELKOSO background\" \/>\t\t\t\t\t\t\t\t\t\t\t\t\t\t\t<\/div>\n\t\t\t\t<\/div>\n\t\t\t\t<div class=\"elementor-element elementor-element-00a2d41 elementor-widget elementor-widget-text-editor\" data-id=\"00a2d41\" data-element_type=\"widget\" data-widget_type=\"text-editor.default\">\n\t\t\t\t<div class=\"elementor-widget-container\">\n\t\t\t\t\t\t\t\t\tELKOSO ofrece con orgullo una amplia gama de inyectores y bombas OEM, dise\u00f1ados para satisfacer las diversas necesidades de nuestros <br>clients across various vehicles. Whether for automotive, marine, or agricultural applications, ELKOSO\u2019s OEM products can support\u00a0every\u00a0market.\t\t\t\t\t\t\t\t<\/div>\n\t\t\t\t<\/div>\n\t\t\t\t\t<\/div>\n\t\t\t\t<\/div>\n\t\t<div class=\"elementor-element elementor-element-99e22dc e-con-full e-flex e-con e-parent\" data-id=\"99e22dc\" data-element_type=\"container\">\r\n\t\t<div class=\"elementor-element elementor-element-d4ea58d e-con-full e-flex e-con e-child\" data-id=\"d4ea58d\" data-element_type=\"container\" id=\"div-tou-proiontos-tou-CR-Injectors\" data-settings=\"{&quot;background_background&quot;:&quot;gradient&quot;}\">\r\n\t\t\t\t<div class=\"elementor-element elementor-element-4b0203c elementor-widget__width-initial elementor-widget elementor-widget-image\" data-id=\"4b0203c\" data-element_type=\"widget\" data-widget_type=\"image.default\">\n\t\t\t\t<div class=\"elementor-widget-container\">\n\t\t\t\t\t\t\t\t\t\t\t\t\t\t\t<img decoding=\"async\" width=\"130\" height=\"150\" src=\"https:\/\/www.elkoso.tech\/wp-content\/uploads\/2024\/07\/xeri_pou_prosferi_autokinito-removebg.png\" class=\"attachment-thumbnail size-thumbnail wp-image-3844\" alt=\"\" \/>\t\t\t\t\t\t\t\t\t\t\t\t\t\t\t<\/div>\n\t\t\t\t<\/div>\n\t\t\t\t<div class=\"elementor-element elementor-element-f9c0ebf e-transform elementor-widget elementor-widget-image\" data-id=\"f9c0ebf\" data-element_type=\"widget\" id=\"eikona-tou-proiontos-tou-CR-Injectors\" data-settings=\"{&quot;_transform_translateY_effect&quot;:{&quot;unit&quot;:&quot;px&quot;,&quot;size&quot;:-23,&quot;sizes&quot;:[]},&quot;_transform_translateX_effect&quot;:{&quot;unit&quot;:&quot;px&quot;,&quot;size&quot;:45,&quot;sizes&quot;:[]},&quot;_transform_translateX_effect_laptop&quot;:{&quot;unit&quot;:&quot;px&quot;,&quot;size&quot;:&quot;&quot;,&quot;sizes&quot;:[]},&quot;_transform_translateX_effect_tablet_extra&quot;:{&quot;unit&quot;:&quot;px&quot;,&quot;size&quot;:&quot;&quot;,&quot;sizes&quot;:[]},&quot;_transform_translateX_effect_tablet&quot;:{&quot;unit&quot;:&quot;px&quot;,&quot;size&quot;:&quot;&quot;,&quot;sizes&quot;:[]},&quot;_transform_translateX_effect_mobile&quot;:{&quot;unit&quot;:&quot;px&quot;,&quot;size&quot;:&quot;&quot;,&quot;sizes&quot;:[]},&quot;_transform_translateY_effect_laptop&quot;:{&quot;unit&quot;:&quot;px&quot;,&quot;size&quot;:&quot;&quot;,&quot;sizes&quot;:[]},&quot;_transform_translateY_effect_tablet_extra&quot;:{&quot;unit&quot;:&quot;px&quot;,&quot;size&quot;:&quot;&quot;,&quot;sizes&quot;:[]},&quot;_transform_translateY_effect_tablet&quot;:{&quot;unit&quot;:&quot;px&quot;,&quot;size&quot;:&quot;&quot;,&quot;sizes&quot;:[]},&quot;_transform_translateY_effect_mobile&quot;:{&quot;unit&quot;:&quot;px&quot;,&quot;size&quot;:&quot;&quot;,&quot;sizes&quot;:[]}}\" data-widget_type=\"image.default\">\n\t\t\t\t<div class=\"elementor-widget-container\">\n\t\t\t\t\t\t\t\t\t\t\t\t\t\t\t<img decoding=\"async\" width=\"300\" height=\"300\" src=\"https:\/\/www.elkoso.tech\/wp-content\/uploads\/2024\/08\/Untitled-300-x-300-px.png\" class=\"attachment-medium size-medium wp-image-10791\" alt=\"ELKOSO Untitled (300 x 300 px)\" \/>\t\t\t\t\t\t\t\t\t\t\t\t\t\t\t<\/div>\n\t\t\t\t<\/div>\n\t\t\t\t<div class=\"elementor-element elementor-element-dc4caf2 elementor-widget elementor-widget-text-editor\" data-id=\"dc4caf2\" data-element_type=\"widget\" id=\"keimeno-tou-proiontos-tou-CR-Injectors\" data-widget_type=\"text-editor.default\">\n\t\t\t\t<div class=\"elementor-widget-container\">\n\t\t\t\t\t\t\t\t\t<div class=\"elementor-element elementor-element-6540453 e-con-full e-flex e-con e-child\" data-id=\"6540453\" data-element_type=\"container\"><div class=\"elementor-element elementor-element-8239573 elementor-widget__width-initial elementor-widget elementor-widget-image\" data-id=\"8239573\" data-element_type=\"widget\" data-widget_type=\"image.default\"><div class=\"elementor-widget-container\">\u00a0<\/div><\/div><\/div><div class=\"elementor-element elementor-element-2a4a4da e-con-full e-flex e-con e-child\" data-id=\"2a4a4da\" data-element_type=\"container\"><div class=\"elementor-element elementor-element-087e974 elementor-widget elementor-widget-text-editor\" data-id=\"087e974\" data-element_type=\"widget\" data-widget_type=\"text-editor.default\"><div class=\"elementor-widget-container\"><p>ELKOSO ofrece con orgullo una amplia gama de inyectores y bombas OEM, dise\u00f1ados para satisfacer las diversas necesidades de nuestros clientes en varios veh\u00edculos.<\/p><\/div><\/div><\/div>\t\t\t\t\t\t\t\t<\/div>\n\t\t\t\t<\/div>\n\t\t\t\t<\/div>\n\t\t<div class=\"elementor-element elementor-element-e49d297 e-con-full e-flex e-con e-child\" data-id=\"e49d297\" data-element_type=\"container\" id=\"div-tou-tab-tou-CR-Injectors\">\r\n\t\t\t\t<div class=\"elementor-element elementor-element-3342dde elementor-widget__width-initial elementor-tabs-view-horizontal elementor-widget elementor-widget-tabs\" data-id=\"3342dde\" data-element_type=\"widget\" data-widget_type=\"tabs.default\">\n\t\t\t\t<div class=\"elementor-widget-container\">\n\t\t\t\t\t\t\t<div class=\"elementor-tabs\">\n\t\t\t<div class=\"elementor-tabs-wrapper\" role=\"tablist\" >\n\t\t\t\t\t\t\t\t\t<div id=\"elementor-tab-title-5371\" class=\"elementor-tab-title elementor-tab-desktop-title\" aria-selected=\"true\" data-tab=\"1\" role=\"tab\" tabindex=\"0\" aria-controls=\"elementor-tab-content-5371\" aria-expanded=\"false\">Informaci\u00f3n t\u00e9cnica <\/div>\n\t\t\t\t\t\t\t\t\t<div id=\"elementor-tab-title-5372\" class=\"elementor-tab-title elementor-tab-desktop-title\" aria-selected=\"false\" data-tab=\"2\" role=\"tab\" tabindex=\"-1\" aria-controls=\"elementor-tab-content-5372\" aria-expanded=\"false\">Informaci\u00f3n adicional<\/div>\n\t\t\t\t\t\t\t<\/div>\n\t\t\t<div class=\"elementor-tabs-content-wrapper\" role=\"tablist\" aria-orientation=\"vertical\">\n\t\t\t\t\t\t\t\t\t<div class=\"elementor-tab-title elementor-tab-mobile-title\" aria-selected=\"true\" data-tab=\"1\" role=\"tab\" tabindex=\"0\" aria-controls=\"elementor-tab-content-5371\" aria-expanded=\"false\">Informaci\u00f3n t\u00e9cnica <\/div>\n\t\t\t\t\t<div id=\"elementor-tab-content-5371\" class=\"elementor-tab-content elementor-clearfix\" data-tab=\"1\" role=\"tabpanel\" aria-labelledby=\"elementor-tab-title-5371\" tabindex=\"0\" hidden=\"false\"><p><span style=\"position: relative; top: 10px; font-size: 19px; color: #000000;\"><strong>Inyectores CR<\/strong><\/span><\/p><p><strong>Especificaciones t\u00e9cnicas<\/strong><\/p><ol><li><strong>Componentes del inyector<\/strong>:<ul><li><strong>Cuerpo del inyector<\/strong>:Alberga todos los componentes internos y est\u00e1 dise\u00f1ado para soportar altas presiones.<\/li><li><strong>Boquilla<\/strong>:Cuenta con orificios perforados con precisi\u00f3n para atomizar el combustible en la c\u00e1mara de combusti\u00f3n.<\/li><li><strong>Valve Assembly<\/strong>:Controla el tiempo y la cantidad de inyecci\u00f3n de combustible.<\/li><li><strong>Solenoide de control<\/strong>:Un dispositivo electromagn\u00e9tico que controla con precisi\u00f3n la aguja del inyector bas\u00e1ndose en se\u00f1ales de la unidad de control del motor (ECU).<\/li><\/ul><\/li><li><strong>Dimensiones y tolerancias<\/strong>:<ul><li><strong>Di\u00e1metro del orificio<\/strong>Los di\u00e1metros de los orificios de las boquillas suelen oscilar entre 100 y 200 micr\u00f3metros, con tolerancias del orden de unos pocos micr\u00f3metros.<\/li><li><strong>Dimensiones cr\u00edticas<\/strong>:Los componentes como la aguja y la v\u00e1lvula requieren geometr\u00edas precisas para garantizar un sellado y suministro de combustible adecuados.<\/li><\/ul><\/li><li><strong>Requisitos de desempe\u00f1o<\/strong>:<ul><li><strong>Manejo de presi\u00f3n<\/strong>:Los inyectores deben soportar presiones de hasta 2.500 bar (36.000 psi) o superiores.<\/li><li><strong>Durability<\/strong>:Los componentes deben resistir el desgaste y la fatiga bajo cargas c\u00edclicas de alta presi\u00f3n.<\/li><li><strong>Entrega de combustible de precisi\u00f3n<\/strong>:El inyector debe proporcionar una atomizaci\u00f3n y dosificaci\u00f3n precisa del combustible para garantizar una combusti\u00f3n eficiente y el cumplimiento de las normas sobre emisiones.<\/li><\/ul><\/li><\/ol><p><strong>Control de calidad y pruebas<\/strong><\/p><ol><li><strong>Ensayos no destructivos (END)<\/strong>:<ul><li><strong>Inspecci\u00f3n por rayos X<\/strong>:Se utiliza para detectar fallas internas o inconsistencias en el material.<\/li><li><strong>Inspecci\u00f3n de part\u00edculas magn\u00e9ticas<\/strong>:Identifica defectos superficiales y cercanos a la superficie.<\/li><\/ul><\/li><li><strong>Inspecci\u00f3n dimensional<\/strong>:<ul><li><strong>M\u00e1quinas de medici\u00f3n por coordenadas (CMM)<\/strong>:Se utiliza para la medici\u00f3n de alta precisi\u00f3n de componentes del inyector.<\/li><li><strong>Prueba de rugosidad superficial<\/strong>:Garantiza que el acabado de la superficie cumpla con las especificaciones requeridas para un rendimiento \u00f3ptimo.<\/li><\/ul><\/li><li><strong>Pruebas de rendimiento<\/strong>:<ul><li><strong>An\u00e1lisis del patr\u00f3n de pulverizaci\u00f3n<\/strong>:Garantiza que el inyector produzca el patr\u00f3n de pulverizaci\u00f3n correcto para una mezcla \u00f3ptima de combustible y aire.<\/li><li><strong>Prueba de caudal<\/strong>:Verifica que el inyector suministre la cantidad correcta de combustible.<\/li><li><strong>Pruebas de durabilidad<\/strong>:Simula el funcionamiento a largo plazo para garantizar que el inyector pueda soportar un uso prolongado sin fallas.<\/li><\/ul><\/li><\/ol><p>Al utilizar materiales de alta calidad, procesos de fabricaci\u00f3n avanzados y un riguroso control de calidad, ELKOSO garantiza que sus inyectores common rail completos y sus repuestos cumplan con los exigentes requisitos de los motores di\u00e9sel modernos, proporcionando una inyecci\u00f3n de combustible confiable y eficiente para optimizar el rendimiento y minimizar las emisiones.<\/p><p><img loading=\"lazy\" decoding=\"async\" class=\"alignright move-up\" src=\"https:\/\/www.elkoso.tech\/wp-content\/uploads\/2024\/07\/tria-autokimita-panoramiki-skitso.png\" alt=\"Tria autokinita skitso\" width=\"100\" height=\"100\" \/><\/p><\/div>\n\t\t\t\t\t\t\t\t\t<div class=\"elementor-tab-title elementor-tab-mobile-title\" aria-selected=\"false\" data-tab=\"2\" role=\"tab\" tabindex=\"-1\" aria-controls=\"elementor-tab-content-5372\" aria-expanded=\"false\">Informaci\u00f3n adicional<\/div>\n\t\t\t\t\t<div id=\"elementor-tab-content-5372\" class=\"elementor-tab-content elementor-clearfix\" data-tab=\"2\" role=\"tabpanel\" aria-labelledby=\"elementor-tab-title-5372\" tabindex=\"0\" hidden=\"hidden\"><p><a href=\"https:\/\/www.elkoso.tech\/wp-content\/uploads\/2025\/04\/ELKOSO-New-Injector-Catalogue-compressed.pdf\" target=\"_blank\" rel=\"noopener\"><img loading=\"lazy\" decoding=\"async\" class=\"alignnone wp-image-7726\" src=\"https:\/\/www.elkoso.tech\/wp-content\/uploads\/2024\/07\/\u0395\u03b9\u03ba\u03bf\u03bd\u03af\u03b4\u03b9\u03bf_PDF-removebg.png\" alt=\"\" width=\"62\" height=\"62\" \/><\/a><a href=\"https:\/\/www.elkoso.tech\/wp-content\/uploads\/2025\/04\/ELKOSO-New-Injector-Catalogue-compressed.pdf\" target=\"_blank\" rel=\"noopener\">Common Rail Injectors<\/a><\/p><p><a href=\"https:\/\/www.elkoso.tech\/wp-content\/uploads\/2025\/06\/New-ELKOSO-VDO-Injector-CATALOGUE.pdf\" target=\"_blank\" rel=\"noopener\"><img loading=\"lazy\" decoding=\"async\" class=\"alignnone wp-image-7726\" src=\"https:\/\/www.elkoso.tech\/wp-content\/uploads\/2024\/07\/\u0395\u03b9\u03ba\u03bf\u03bd\u03af\u03b4\u03b9\u03bf_PDF-removebg.png\" alt=\"\" width=\"62\" height=\"62\" \/><\/a><a href=\"https:\/\/www.elkoso.tech\/wp-content\/uploads\/2025\/06\/New-ELKOSO-VDO-Injector-CATALOGUE.pdf\" target=\"_blank\" rel=\"noopener\">ELKOSO Injectors (VDO Systems)<\/a><\/p><\/div>\n\t\t\t\t\t\t\t<\/div>\n\t\t<\/div>\n\t\t\t\t\t\t<\/div>\n\t\t\t\t<\/div>\n\t\t\t\t<\/div>\n\t\t\t\t<\/div>\n\t\t<div class=\"elementor-element elementor-element-ed73a38 e-flex e-con-boxed e-con e-parent\" data-id=\"ed73a38\" data-element_type=\"container\">\r\n\t\t\t\t\t<div class=\"e-con-inner\">\r\n\t\t\t\t<div class=\"elementor-element elementor-element-deab3b0 elementor-widget elementor-widget-spacer\" data-id=\"deab3b0\" data-element_type=\"widget\" data-widget_type=\"spacer.default\">\n\t\t\t\t<div class=\"elementor-widget-container\">\n\t\t\t\t\t\t\t<div class=\"elementor-spacer\">\n\t\t\t<div class=\"elementor-spacer-inner\"><\/div>\n\t\t<\/div>\n\t\t\t\t\t\t<\/div>\n\t\t\t\t<\/div>\n\t\t\t\t\t<\/div>\n\t\t\t\t<\/div>\n\t\t\t\t<\/div>","protected":false},"excerpt":{"rendered":"<p>Premium Manufacturing Components CR Injectors ELKOSO proudly offers a comprehensive range of OEM injectors and pumps, tailored to meet the diverse needs of our clients across various vehicles. Whether for automotive, marine, or agricultural applications, ELKOSO\u2019s OEM products can support\u00a0every\u00a0market. \u00a0 ELKOSO proudly offers a comprehensive range of OEM injectors and pumps, tailored to meet [&hellip;]<\/p>\n","protected":false},"author":1,"featured_media":0,"parent":0,"menu_order":0,"comment_status":"closed","ping_status":"closed","template":"elementor_header_footer","meta":{"footnotes":""},"class_list":["post-8925","page","type-page","status-publish","hentry"],"yoast_head":"<!-- This site is optimized with the Yoast SEO plugin v27.0 - https:\/\/yoast.com\/product\/yoast-seo-wordpress\/ -->\n<title>CR Injectors - ELKOSO<\/title>\n<meta name=\"robots\" content=\"index, follow, max-snippet:-1, max-image-preview:large, max-video-preview:-1\" \/>\n<link rel=\"canonical\" href=\"https:\/\/www.elkoso.tech\/es\/cr-injectors\/\" \/>\n<meta property=\"og:locale\" content=\"es_ES\" \/>\n<meta property=\"og:type\" content=\"article\" \/>\n<meta property=\"og:title\" content=\"CR Injectors - ELKOSO\" \/>\n<meta property=\"og:description\" content=\"Premium Manufacturing Components CR Injectors ELKOSO proudly offers a comprehensive range of OEM injectors and pumps, tailored to meet the diverse needs of our clients across various vehicles. Whether for automotive, marine, or agricultural applications, ELKOSO\u2019s OEM products can support\u00a0every\u00a0market. \u00a0 ELKOSO proudly offers a comprehensive range of OEM injectors and pumps, tailored to meet [&hellip;]\" \/>\n<meta property=\"og:url\" content=\"https:\/\/www.elkoso.tech\/es\/cr-injectors\/\" \/>\n<meta property=\"og:site_name\" content=\"ELKOSO\" \/>\n<meta property=\"article:publisher\" content=\"https:\/\/www.facebook.com\/elkosoparts\/\" \/>\n<meta property=\"article:modified_time\" content=\"2025-09-28T14:13:42+00:00\" \/>\n<meta property=\"og:image\" content=\"https:\/\/www.elkoso.tech\/wp-content\/uploads\/2024\/03\/2nd-paragraf.png\" \/>\n\t<meta property=\"og:image:width\" content=\"936\" \/>\n\t<meta property=\"og:image:height\" content=\"973\" \/>\n\t<meta property=\"og:image:type\" content=\"image\/png\" \/>\n<meta name=\"twitter:card\" content=\"summary_large_image\" \/>\n<meta name=\"twitter:label1\" content=\"Tiempo de lectura\" \/>\n\t<meta name=\"twitter:data1\" content=\"4 minutos\" \/>\n<script type=\"application\/ld+json\" class=\"yoast-schema-graph\">{\"@context\":\"https:\/\/schema.org\",\"@graph\":[{\"@type\":\"WebPage\",\"@id\":\"https:\/\/www.elkoso.tech\/cr-injectors\/\",\"url\":\"https:\/\/www.elkoso.tech\/cr-injectors\/\",\"name\":\"CR Injectors - ELKOSO\",\"isPartOf\":{\"@id\":\"https:\/\/www.elkoso.tech\/#website\"},\"primaryImageOfPage\":{\"@id\":\"https:\/\/www.elkoso.tech\/cr-injectors\/#primaryimage\"},\"image\":{\"@id\":\"https:\/\/www.elkoso.tech\/cr-injectors\/#primaryimage\"},\"thumbnailUrl\":\"https:\/\/www.elkoso.tech\/wp-content\/uploads\/2024\/03\/2nd-paragraf-289x300.png\",\"datePublished\":\"2024-08-21T10:24:29+00:00\",\"dateModified\":\"2025-09-28T14:13:42+00:00\",\"breadcrumb\":{\"@id\":\"https:\/\/www.elkoso.tech\/cr-injectors\/#breadcrumb\"},\"inLanguage\":\"es\",\"potentialAction\":[{\"@type\":\"ReadAction\",\"target\":[\"https:\/\/www.elkoso.tech\/cr-injectors\/\"]}]},{\"@type\":\"ImageObject\",\"inLanguage\":\"es\",\"@id\":\"https:\/\/www.elkoso.tech\/cr-injectors\/#primaryimage\",\"url\":\"https:\/\/www.elkoso.tech\/wp-content\/uploads\/2024\/03\/2nd-paragraf-289x300.png\",\"contentUrl\":\"https:\/\/www.elkoso.tech\/wp-content\/uploads\/2024\/03\/2nd-paragraf-289x300.png\"},{\"@type\":\"BreadcrumbList\",\"@id\":\"https:\/\/www.elkoso.tech\/cr-injectors\/#breadcrumb\",\"itemListElement\":[{\"@type\":\"ListItem\",\"position\":1,\"name\":\"\u0391\u03c1\u03c7\u03b9\u03ba\u03ae\",\"item\":\"https:\/\/www.elkoso.tech\/\"},{\"@type\":\"ListItem\",\"position\":2,\"name\":\"CR Injectors\"}]},{\"@type\":\"WebSite\",\"@id\":\"https:\/\/www.elkoso.tech\/#website\",\"url\":\"https:\/\/www.elkoso.tech\/\",\"name\":\"ELKOSO\",\"description\":\"At Elkoso, skilled team ensures every spare part exceeds industry standards...\",\"publisher\":{\"@id\":\"https:\/\/www.elkoso.tech\/#organization\"},\"alternateName\":\"ELKOSO\",\"potentialAction\":[{\"@type\":\"SearchAction\",\"target\":{\"@type\":\"EntryPoint\",\"urlTemplate\":\"https:\/\/www.elkoso.tech\/?s={search_term_string}\"},\"query-input\":{\"@type\":\"PropertyValueSpecification\",\"valueRequired\":true,\"valueName\":\"search_term_string\"}}],\"inLanguage\":\"es\"},{\"@type\":\"Organization\",\"@id\":\"https:\/\/www.elkoso.tech\/#organization\",\"name\":\"ELKOSO\",\"alternateName\":\"ELKOSO\",\"url\":\"https:\/\/www.elkoso.tech\/\",\"logo\":{\"@type\":\"ImageObject\",\"inLanguage\":\"es\",\"@id\":\"https:\/\/www.elkoso.tech\/#\/schema\/logo\/image\/\",\"url\":\"https:\/\/www.elkoso.tech\/wp-content\/uploads\/2024\/06\/Logo-Elkoso-1688x1688-1.png\",\"contentUrl\":\"https:\/\/www.elkoso.tech\/wp-content\/uploads\/2024\/06\/Logo-Elkoso-1688x1688-1.png\",\"width\":1688,\"height\":1688,\"caption\":\"ELKOSO\"},\"image\":{\"@id\":\"https:\/\/www.elkoso.tech\/#\/schema\/logo\/image\/\"},\"sameAs\":[\"https:\/\/www.facebook.com\/elkosoparts\/\"]}]}<\/script>\n<!-- \/ Yoast SEO plugin. -->","yoast_head_json":{"title":"CR Injectors - ELKOSO","robots":{"index":"index","follow":"follow","max-snippet":"max-snippet:-1","max-image-preview":"max-image-preview:large","max-video-preview":"max-video-preview:-1"},"canonical":"https:\/\/www.elkoso.tech\/es\/cr-injectors\/","og_locale":"es_ES","og_type":"article","og_title":"CR Injectors - ELKOSO","og_description":"Premium Manufacturing Components CR Injectors ELKOSO proudly offers a comprehensive range of OEM injectors and pumps, tailored to meet the diverse needs of our clients across various vehicles. Whether for automotive, marine, or agricultural applications, ELKOSO\u2019s OEM products can support\u00a0every\u00a0market. \u00a0 ELKOSO proudly offers a comprehensive range of OEM injectors and pumps, tailored to meet [&hellip;]","og_url":"https:\/\/www.elkoso.tech\/es\/cr-injectors\/","og_site_name":"ELKOSO","article_publisher":"https:\/\/www.facebook.com\/elkosoparts\/","article_modified_time":"2025-09-28T14:13:42+00:00","og_image":[{"url":"https:\/\/www.elkoso.tech\/wp-content\/uploads\/2024\/03\/2nd-paragraf.png","width":936,"height":973,"type":"image\/png"}],"twitter_card":"summary_large_image","twitter_misc":{"Tiempo de lectura":"4 minutos"},"schema":{"@context":"https:\/\/schema.org","@graph":[{"@type":"WebPage","@id":"https:\/\/www.elkoso.tech\/cr-injectors\/","url":"https:\/\/www.elkoso.tech\/cr-injectors\/","name":"CR Injectors - ELKOSO","isPartOf":{"@id":"https:\/\/www.elkoso.tech\/#website"},"primaryImageOfPage":{"@id":"https:\/\/www.elkoso.tech\/cr-injectors\/#primaryimage"},"image":{"@id":"https:\/\/www.elkoso.tech\/cr-injectors\/#primaryimage"},"thumbnailUrl":"https:\/\/www.elkoso.tech\/wp-content\/uploads\/2024\/03\/2nd-paragraf-289x300.png","datePublished":"2024-08-21T10:24:29+00:00","dateModified":"2025-09-28T14:13:42+00:00","breadcrumb":{"@id":"https:\/\/www.elkoso.tech\/cr-injectors\/#breadcrumb"},"inLanguage":"es","potentialAction":[{"@type":"ReadAction","target":["https:\/\/www.elkoso.tech\/cr-injectors\/"]}]},{"@type":"ImageObject","inLanguage":"es","@id":"https:\/\/www.elkoso.tech\/cr-injectors\/#primaryimage","url":"https:\/\/www.elkoso.tech\/wp-content\/uploads\/2024\/03\/2nd-paragraf-289x300.png","contentUrl":"https:\/\/www.elkoso.tech\/wp-content\/uploads\/2024\/03\/2nd-paragraf-289x300.png"},{"@type":"BreadcrumbList","@id":"https:\/\/www.elkoso.tech\/cr-injectors\/#breadcrumb","itemListElement":[{"@type":"ListItem","position":1,"name":"\u0391\u03c1\u03c7\u03b9\u03ba\u03ae","item":"https:\/\/www.elkoso.tech\/"},{"@type":"ListItem","position":2,"name":"CR Injectors"}]},{"@type":"WebSite","@id":"https:\/\/www.elkoso.tech\/#website","url":"https:\/\/www.elkoso.tech\/","name":"ELKOSO","description":"At Elkoso, skilled team ensures every spare part exceeds industry standards...","publisher":{"@id":"https:\/\/www.elkoso.tech\/#organization"},"alternateName":"ELKOSO","potentialAction":[{"@type":"SearchAction","target":{"@type":"EntryPoint","urlTemplate":"https:\/\/www.elkoso.tech\/?s={search_term_string}"},"query-input":{"@type":"PropertyValueSpecification","valueRequired":true,"valueName":"search_term_string"}}],"inLanguage":"es"},{"@type":"Organization","@id":"https:\/\/www.elkoso.tech\/#organization","name":"ELKOSO","alternateName":"ELKOSO","url":"https:\/\/www.elkoso.tech\/","logo":{"@type":"ImageObject","inLanguage":"es","@id":"https:\/\/www.elkoso.tech\/#\/schema\/logo\/image\/","url":"https:\/\/www.elkoso.tech\/wp-content\/uploads\/2024\/06\/Logo-Elkoso-1688x1688-1.png","contentUrl":"https:\/\/www.elkoso.tech\/wp-content\/uploads\/2024\/06\/Logo-Elkoso-1688x1688-1.png","width":1688,"height":1688,"caption":"ELKOSO"},"image":{"@id":"https:\/\/www.elkoso.tech\/#\/schema\/logo\/image\/"},"sameAs":["https:\/\/www.facebook.com\/elkosoparts\/"]}]}},"_links":{"self":[{"href":"https:\/\/www.elkoso.tech\/es\/wp-json\/wp\/v2\/pages\/8925","targetHints":{"allow":["GET"]}}],"collection":[{"href":"https:\/\/www.elkoso.tech\/es\/wp-json\/wp\/v2\/pages"}],"about":[{"href":"https:\/\/www.elkoso.tech\/es\/wp-json\/wp\/v2\/types\/page"}],"author":[{"embeddable":true,"href":"https:\/\/www.elkoso.tech\/es\/wp-json\/wp\/v2\/users\/1"}],"replies":[{"embeddable":true,"href":"https:\/\/www.elkoso.tech\/es\/wp-json\/wp\/v2\/comments?post=8925"}],"version-history":[{"count":47,"href":"https:\/\/www.elkoso.tech\/es\/wp-json\/wp\/v2\/pages\/8925\/revisions"}],"predecessor-version":[{"id":22184,"href":"https:\/\/www.elkoso.tech\/es\/wp-json\/wp\/v2\/pages\/8925\/revisions\/22184"}],"wp:attachment":[{"href":"https:\/\/www.elkoso.tech\/es\/wp-json\/wp\/v2\/media?parent=8925"}],"curies":[{"name":"wp","href":"https:\/\/api.w.org\/{rel}","templated":true}]}}